{"id":42813,"date":"2025-10-07T15:12:17","date_gmt":"2025-10-07T21:12:17","guid":{"rendered":"https:\/\/www.garnetinstruments.com\/garantie-ht\/"},"modified":"2026-02-25T14:12:44","modified_gmt":"2026-02-25T21:12:44","slug":"garantie-ht","status":"publish","type":"page","link":"https:\/\/www.garnetinstruments.com\/fr-ca\/garantie-ht\/","title":{"rendered":"Garantie HT"},"content":{"rendered":"\t\t<div data-elementor-type=\"wp-page\" data-elementor-id=\"42813\" class=\"elementor elementor-42813 elementor-42395\" data-elementor-post-type=\"page\">\n\t\t\t\t\t\t<section class=\"elementor-section elementor-top-section elementor-element elementor-element-e45e998 elementor-section-height-min-height elementor-section-full_width elementor-section-height-default elementor-section-items-middle wpr-particle-no wpr-jarallax-no wpr-parallax-no wpr-sticky-section-no\" data-id=\"e45e998\" data-element_type=\"section\" data-e-type=\"section\" data-settings=\"{&quot;background_background&quot;:&quot;classic&quot;,&quot;shape_divider_bottom&quot;:&quot;waves&quot;,&quot;shape_divider_bottom_negative&quot;:&quot;yes&quot;}\">\n\t\t\t\t\t\t\t<div class=\"elementor-background-overlay\"><\/div>\n\t\t\t\t\t\t<div class=\"elementor-shape elementor-shape-bottom\" aria-hidden=\"true\" data-negative=\"true\">\n\t\t\t<svg xmlns=\"http:\/\/www.w3.org\/2000\/svg\" viewBox=\"0 0 1000 100\" preserveAspectRatio=\"none\">\n\t<path class=\"elementor-shape-fill\" d=\"M790.5,93.1c-59.3-5.3-116.8-18-192.6-50c-29.6-12.7-76.9-31-100.5-35.9c-23.6-4.9-52.6-7.8-75.5-5.3\n\tc-10.2,1.1-22.6,1.4-50.1,7.4c-27.2,6.3-58.2,16.6-79.4,24.7c-41.3,15.9-94.9,21.9-134,22.6C72,58.2,0,25.8,0,25.8V100h1000V65.3\n\tc0,0-51.5,19.4-106.2,25.7C839.5,97,814.1,95.2,790.5,93.1z\"\/>\n<\/svg>\t\t<\/div>\n\t\t\t\t\t<div class=\"elementor-container elementor-column-gap-wider\">\n\t\t\t\t\t<div class=\"elementor-column elementor-col-33 elementor-top-column elementor-element elementor-element-964078a\" data-id=\"964078a\" data-element_type=\"column\" data-e-type=\"column\">\n\t\t\t<div class=\"elementor-widget-wrap\">\n\t\t\t\t\t\t\t<\/div>\n\t\t<\/div>\n\t\t\t\t<div class=\"elementor-column elementor-col-33 elementor-top-column elementor-element elementor-element-93417dc\" data-id=\"93417dc\" data-element_type=\"column\" data-e-type=\"column\">\n\t\t\t<div class=\"elementor-widget-wrap elementor-element-populated\">\n\t\t\t\t\t\t<div class=\"elementor-element elementor-element-a2e7494 elementor-widget elementor-widget-heading\" data-id=\"a2e7494\" data-element_type=\"widget\" data-e-type=\"widget\" data-widget_type=\"heading.default\">\n\t\t\t\t<div class=\"elementor-widget-container\">\n\t\t\t\t\t<h2 class=\"elementor-heading-title elementor-size-default\">INFORMATIONS SUR LA GARANTIE<\/h2>\t\t\t\t<\/div>\n\t\t\t\t<\/div>\n\t\t\t\t<div class=\"elementor-element elementor-element-e6f273a elementor-widget elementor-widget-heading\" data-id=\"e6f273a\" data-element_type=\"widget\" data-e-type=\"widget\" data-widget_type=\"heading.default\">\n\t\t\t\t<div class=\"elementor-widget-container\">\n\t\t\t\t\t<h2 class=\"elementor-heading-title elementor-size-default\">Produits pour r\u00e9servoirs de r\u00e9tention<\/h2>\t\t\t\t<\/div>\n\t\t\t\t<\/div>\n\t\t\t\t\t<\/div>\n\t\t<\/div>\n\t\t\t\t<div class=\"elementor-column elementor-col-33 elementor-top-column elementor-element elementor-element-91ea370\" data-id=\"91ea370\" data-element_type=\"column\" data-e-type=\"column\">\n\t\t\t<div class=\"elementor-widget-wrap\">\n\t\t\t\t\t\t\t<\/div>\n\t\t<\/div>\n\t\t\t\t\t<\/div>\n\t\t<\/section>\n\t\t\t\t<section class=\"elementor-section elementor-top-section elementor-element elementor-element-3cbab94 elementor-section-boxed elementor-section-height-default elementor-section-height-default wpr-particle-no wpr-jarallax-no wpr-parallax-no wpr-sticky-section-no\" data-id=\"3cbab94\" data-element_type=\"section\" data-e-type=\"section\">\n\t\t\t\t\t\t<div class=\"elementor-container elementor-column-gap-default\">\n\t\t\t\t\t<div class=\"elementor-column elementor-col-100 elementor-top-column elementor-element elementor-element-c65a7fe\" data-id=\"c65a7fe\" data-element_type=\"column\" data-e-type=\"column\">\n\t\t\t<div class=\"elementor-widget-wrap elementor-element-populated\">\n\t\t\t\t\t\t<div class=\"elementor-element elementor-element-03e711f elementor-widget elementor-widget-text-editor\" data-id=\"03e711f\" data-element_type=\"widget\" data-e-type=\"widget\" data-widget_type=\"text-editor.default\">\n\t\t\t\t<div class=\"elementor-widget-container\">\n\t\t\t\t\t\t\t\t\t<h5 style=\"text-align: center;\"><strong>AVERTISSEMENT DE GARANTIE<\/strong><\/h5><p>Garnet Instruments garantit que l\u2019\u00e9quipement fabriqu\u00e9 par Garnet Instruments sera exempt de d\u00e9fauts de mat\u00e9riaux et de main-d\u2019\u0153uvre dans le cadre d\u2019un usage et d\u2019un service normaux pour une p\u00e9riode d\u2019un (1) an \u00e0 compter de la date de vente par Garnet Instruments, un revendeur autoris\u00e9, un distributeur autoris\u00e9 ou un OEM qualifi\u00e9. La p\u00e9riode de garantie commencera \u00e0 la date d\u2019achat, \u00e0 la date d\u2019installation par un concessionnaire autoris\u00e9 ou \u00e0 la date de fabrication du v\u00e9hicule r\u00e9cr\u00e9atif ou de l\u2019\u00e9quipement sur lequel le produit est install\u00e9. <\/p><p>En vertu de ces garanties, Garnet Instruments ne sera responsable que des pertes ou dommages r\u00e9els subis dans tout cas plafonn\u00e9s au prix factur\u00e9 par Garnet Instruments, ainsi qu\u2019un maximum d\u2019une (1) heure de travail, par un technicien qualifi\u00e9, par r\u00e9clamation de garantie. Garnet Instruments ne sera pas responsable de frais de main-d\u2019\u0153uvre suppl\u00e9mentaires ni de dommages indirects, sp\u00e9cifiques ou cons\u00e9cutifs. <\/p><p>Ces garanties ne s\u2019appliquent pas aux d\u00e9fauts ou dommages r\u00e9sultant de modifications ou d&rsquo;alt\u00e9rations. Dans tous les cas, Garnet Instruments ne garantit que les produits utilis\u00e9s pour des applications acceptables par Garnet Instruments et respectant les sp\u00e9cifications techniques du produit. De plus, Garnet Instruments ne garantit que les produits install\u00e9s et entretenus selon les sp\u00e9cifications d\u2019usine de Garnet Instruments.  <\/p><h5 style=\"text-align: center;\">LIMITATION DES GARANTIES<\/h5><p>Ces garanties constituent les seules garanties, expresses ou implicites, sur lesquelles des produits sont vendus par Garnet Instruments, et Garnet Instruments ne garantit aucune qualit\u00e9 marchande ou d\u2019aptitude \u00e0 un usage particulier concernant les produits vendus.<\/p><p>Garnet Instruments se r\u00e9serve le droit de modifier, amender ou mettre \u00e0 jour les termes et conditions de cette garantie \u00e0 tout moment sans pr\u00e9avis. De tels changements s\u2019appliqueront \u00e0 tout produit achet\u00e9 apr\u00e8s la date de la modification et seront publi\u00e9s dans la documentation pertinente et\/ou sur le site Web de Garnet Instruments. <\/p><p>Pour les produits Garnet Instruments ou certaines parties de ceux-ci pr\u00e9sum\u00e9s d\u00e9fectueux par l\u2019acheteur dans la p\u00e9riode de garantie stipul\u00e9e, veuillez communiquer avec Garnet Instruments en utilisant les coordonn\u00e9es ci-dessous pour obtenir de l\u2019aide au d\u00e9pannage. Apr\u00e8s un diagnostic initial par le personnel qualifi\u00e9 de Garnet Instruments, il se peut qu\u2019on vous remette un produit de remplacement ou qu\u2019on vous demande de retourner le produit d\u00e9fectueux \u00e0 Garnet Instruments pour une \u00e9valuation plus approfondie. <\/p><p>Le produit d\u00e9fectueux doit \u00eatre retourn\u00e9 au point d\u2019achat initial (c\u2019est-\u00e0-dire concessionnaire local, distributeur local, OEM ou directement chez Garnet Instruments) pour \u00e9valuation et service. Pour retourner un produit, le client doit d\u2019abord obtenir une autorisation de retour de mat\u00e9riel (RMA) aupr\u00e8s de Garnet Instruments. Aucun mat\u00e9riel ne peut \u00eatre retourn\u00e9 sans un num\u00e9ro RMA attribu\u00e9 ou sans une autorisation d\u2019usine appropri\u00e9e. Tout retour doit \u00eatre exp\u00e9di\u00e9 en port pr\u00e9pay\u00e9 \u00e0 l\u2019emplacement indiqu\u00e9 par le personnel du service de Garnet Instruments.     <\/p><p>Les articles retourn\u00e9s sous garantie seront r\u00e9par\u00e9s ou remplac\u00e9s \u00e0 la discr\u00e9tion de Garnet Instruments. Tout article jug\u00e9 irr\u00e9parable par Garnet Instruments sera remplac\u00e9 gratuitement, ou un cr\u00e9dit sera accord\u00e9 pour cet article, sous r\u00e9serve de la demande du client. Les produits r\u00e9par\u00e9s ou remplac\u00e9s seront disponibles sur une base de livraison sur place (DAP).  <\/p><p>Le cas \u00e9ch\u00e9ant, si des r\u00e8glements r\u00e9gionaux offrent des conditions de garantie plus g\u00e9n\u00e9reuses, ces r\u00e8glements pr\u00e9valent sur les conditions pr\u00e9sentes. Lorsque les accords sign\u00e9s incluent une clause de garantie, ces accords pr\u00e9valent sur les termes pr\u00e9sent\u00e9s. <\/p><p>Si vous avez une r\u00e9clamation de garantie ou si l\u2019\u00e9quipement doit \u00eatre entretenu, contactez le concessionnaire d\u2019installation. Si vous devez contacter Garnet, vous pouvez nous joindre comme suit : <\/p>\t\t\t\t\t\t\t\t<\/div>\n\t\t\t\t<\/div>\n\t\t\t\t\t<\/div>\n\t\t<\/div>\n\t\t\t\t\t<\/div>\n\t\t<\/section>\n\t\t\t\t<section class=\"elementor-section elementor-top-section elementor-element elementor-element-916864a elementor-section-boxed elementor-section-height-default elementor-section-height-default wpr-particle-no wpr-jarallax-no wpr-parallax-no wpr-sticky-section-no\" data-id=\"916864a\" data-element_type=\"section\" data-e-type=\"section\">\n\t\t\t\t\t\t<div class=\"elementor-container elementor-column-gap-default\">\n\t\t\t\t\t<div class=\"elementor-column elementor-col-50 elementor-top-column elementor-element elementor-element-276e504\" data-id=\"276e504\" data-element_type=\"column\" data-e-type=\"column\">\n\t\t\t<div class=\"elementor-widget-wrap elementor-element-populated\">\n\t\t\t\t\t\t<div class=\"elementor-element elementor-element-6fd0ce7 elementor-widget elementor-widget-text-editor\" data-id=\"6fd0ce7\" data-element_type=\"widget\" data-e-type=\"widget\" data-widget_type=\"text-editor.default\">\n\t\t\t\t<div class=\"elementor-widget-container\">\n\t\t\t\t\t\t\t\t\t<p><strong>CANADA<\/strong><br>Garnet Instruments Ltd.<br>286 Kaska Road<br>Sherwood Park, AB T8A 4G7<br>Courriel : <span style=\"text-decoration: underline;\"><a href=\"mailto:info@garnetinstruments.com\"><span style=\"color: #000000; text-decoration: underline;\">info@garnetinstruments.com<\/span><\/a><\/span><br>T\u00e9l\u00e9phone : 1-800-617-7384<\/p>\t\t\t\t\t\t\t\t<\/div>\n\t\t\t\t<\/div>\n\t\t\t\t\t<\/div>\n\t\t<\/div>\n\t\t\t\t<div class=\"elementor-column elementor-col-50 elementor-top-column elementor-element elementor-element-156cb8e\" data-id=\"156cb8e\" data-element_type=\"column\" data-e-type=\"column\">\n\t\t\t<div class=\"elementor-widget-wrap elementor-element-populated\">\n\t\t\t\t\t\t<div class=\"elementor-element elementor-element-75bf6a9 elementor-widget elementor-widget-text-editor\" data-id=\"75bf6a9\" data-element_type=\"widget\" data-e-type=\"widget\" data-widget_type=\"text-editor.default\">\n\t\t\t\t<div class=\"elementor-widget-container\">\n\t\t\t\t\t\t\t\t\t<p><strong>\u00c9tats-Unis<\/strong><br>Garnet US Inc.<br>5360 Old Granbury Road<br>Granbury, TX 76049<br>Courriel : <span style=\"text-decoration: underline; color: #000000;\"><a style=\"color: #000000; text-decoration: underline;\" href=\"mailto:infous@garnetinstruments.com\">infous@garnetinstruments.com<\/a><\/span><br>T\u00e9l\u00e9phone : 1-800-617-7384<\/p>\t\t\t\t\t\t\t\t<\/div>\n\t\t\t\t<\/div>\n\t\t\t\t\t<\/div>\n\t\t<\/div>\n\t\t\t\t\t<\/div>\n\t\t<\/section>\n\t\t\t\t<section class=\"elementor-section elementor-top-section elementor-element elementor-element-ff4e1cf elementor-section-full_width elementor-section-stretched elementor-section-height-default elementor-section-height-default wpr-particle-no wpr-jarallax-no wpr-parallax-no wpr-sticky-section-no\" data-id=\"ff4e1cf\" data-element_type=\"section\" data-e-type=\"section\" data-settings=\"{&quot;stretch_section&quot;:&quot;section-stretched&quot;}\">\n\t\t\t\t\t\t<div class=\"elementor-container elementor-column-gap-no\">\n\t\t\t\t\t<div class=\"elementor-column elementor-col-100 elementor-top-column elementor-element elementor-element-c3eaf55\" data-id=\"c3eaf55\" data-element_type=\"column\" data-e-type=\"column\">\n\t\t\t<div class=\"elementor-widget-wrap elementor-element-populated\">\n\t\t\t\t\t\t<div class=\"elementor-element elementor-element-a126393 elementor-widget__width-inherit elementor-widget elementor-widget-image\" data-id=\"a126393\" data-element_type=\"widget\" data-e-type=\"widget\" data-widget_type=\"image.default\">\n\t\t\t\t<div class=\"elementor-widget-container\">\n\t\t\t\t\t\t\t\t\t\t\t\t\t\t\t<img decoding=\"async\" src=\"https:\/\/www.garnetinstruments.com\/wp-content\/uploads\/elementor\/thumbs\/bottom-black-wave-ri571bncvu4s3znk0x4hyxfhm6rnzqz92w0i5acm9g.png\" title=\"Onde noire inf\u00e9rieure\" alt=\"Onde noire inf\u00e9rieure\" loading=\"lazy\" \/>\t\t\t\t\t\t\t\t\t\t\t\t\t\t\t<\/div>\n\t\t\t\t<\/div>\n\t\t\t\t\t<\/div>\n\t\t<\/div>\n\t\t\t\t\t<\/div>\n\t\t<\/section>\n\t\t\t\t<\/div>\n\t\t\n    <div class=\"xs_social_share_widget xs_share_url after_content \t\tmain_content  wslu-style-1 wslu-share-box-shaped wslu-fill-colored wslu-none wslu-share-horizontal wslu-theme-font-no wslu-main_content\">\n\n\t\t\n        <ul>\n\t\t\t        <\/ul>\n    <\/div> \n","protected":false},"excerpt":{"rendered":"<p>INFORMATIONS SUR LA GARANTIE Produits pour r\u00e9servoirs de r\u00e9tention AVERTISSEMENT DE GARANTIE Garnet Instruments garantit que l\u2019\u00e9quipement fabriqu\u00e9 par Garnet Instruments sera exempt de d\u00e9fauts de mat\u00e9riaux et de main-d\u2019\u0153uvre dans le cadre d\u2019un usage et d\u2019un service normaux pour une p\u00e9riode d\u2019un (1) an \u00e0 compter de la date de vente par Garnet Instruments, un revendeur autoris\u00e9, un distributeur autoris\u00e9 ou un OEM qualifi\u00e9. La p\u00e9riode de garantie commencera \u00e0 la date d\u2019achat, \u00e0 la date d\u2019installation par un concessionnaire autoris\u00e9 ou \u00e0 la date de fabrication du v\u00e9hicule r\u00e9cr\u00e9atif ou de l\u2019\u00e9quipement sur lequel le produit est install\u00e9. En vertu de ces garanties, Garnet Instruments ne sera responsable que des pertes ou dommages r\u00e9els subis dans tout cas plafonn\u00e9s au prix factur\u00e9 par Garnet Instruments, ainsi qu\u2019un maximum d\u2019une (1) heure de travail, par un technicien qualifi\u00e9, par r\u00e9clamation de garantie. Garnet Instruments ne sera pas responsable de frais de main-d\u2019\u0153uvre suppl\u00e9mentaires ni de dommages indirects, sp\u00e9cifiques ou cons\u00e9cutifs. Ces garanties ne s\u2019appliquent pas aux d\u00e9fauts ou dommages r\u00e9sultant de modifications ou d&rsquo;alt\u00e9rations. Dans tous les cas, Garnet Instruments ne garantit que les produits utilis\u00e9s pour des applications acceptables par Garnet Instruments et respectant les sp\u00e9cifications techniques du produit. De plus, Garnet Instruments ne garantit que les produits install\u00e9s et entretenus selon les sp\u00e9cifications d\u2019usine de Garnet Instruments. LIMITATION DES GARANTIES Ces garanties constituent les seules garanties, expresses ou implicites, sur lesquelles des produits sont vendus par Garnet Instruments, et Garnet Instruments ne garantit aucune qualit\u00e9 marchande ou d\u2019aptitude \u00e0 un usage particulier concernant les produits vendus. Garnet Instruments se r\u00e9serve le droit de modifier, amender ou mettre \u00e0 jour les termes et conditions de cette garantie \u00e0 tout moment sans pr\u00e9avis. De tels changements s\u2019appliqueront \u00e0 tout produit achet\u00e9 apr\u00e8s la date de la modification et seront publi\u00e9s dans la documentation pertinente et\/ou sur le site Web de Garnet Instruments. Pour les produits Garnet Instruments ou certaines parties de ceux-ci pr\u00e9sum\u00e9s d\u00e9fectueux par l\u2019acheteur dans la p\u00e9riode de garantie stipul\u00e9e, veuillez communiquer avec Garnet Instruments en utilisant les coordonn\u00e9es ci-dessous pour obtenir de l\u2019aide au d\u00e9pannage. Apr\u00e8s un diagnostic initial par le personnel qualifi\u00e9 de Garnet Instruments, il se peut qu\u2019on vous remette un produit de remplacement ou qu\u2019on vous demande de retourner le produit d\u00e9fectueux \u00e0 Garnet Instruments pour une \u00e9valuation plus approfondie. Le produit d\u00e9fectueux doit \u00eatre retourn\u00e9 au point d\u2019achat initial (c\u2019est-\u00e0-dire concessionnaire local, distributeur local, OEM ou directement chez Garnet Instruments) pour \u00e9valuation et service. Pour retourner un produit, le client doit d\u2019abord obtenir une autorisation de retour de mat\u00e9riel (RMA) aupr\u00e8s de Garnet Instruments. Aucun mat\u00e9riel ne peut \u00eatre retourn\u00e9 sans un num\u00e9ro RMA attribu\u00e9 ou sans une autorisation d\u2019usine appropri\u00e9e. Tout retour doit \u00eatre exp\u00e9di\u00e9 en port pr\u00e9pay\u00e9 \u00e0 l\u2019emplacement indiqu\u00e9 par le personnel du service de Garnet Instruments. Les articles retourn\u00e9s sous garantie seront r\u00e9par\u00e9s ou remplac\u00e9s \u00e0 la discr\u00e9tion de Garnet Instruments. Tout article jug\u00e9 irr\u00e9parable par Garnet Instruments sera remplac\u00e9 gratuitement, ou un cr\u00e9dit sera accord\u00e9 pour cet article, sous r\u00e9serve de la demande du client. Les produits r\u00e9par\u00e9s ou remplac\u00e9s seront disponibles sur une base de livraison sur place (DAP). Le cas \u00e9ch\u00e9ant, si des r\u00e8glements r\u00e9gionaux offrent des conditions de garantie plus g\u00e9n\u00e9reuses, ces r\u00e8glements pr\u00e9valent sur les conditions pr\u00e9sentes. Lorsque les accords sign\u00e9s incluent une clause de garantie, ces accords pr\u00e9valent sur les termes pr\u00e9sent\u00e9s. Si vous avez une r\u00e9clamation de garantie ou si l\u2019\u00e9quipement doit \u00eatre entretenu, contactez le concessionnaire d\u2019installation. Si vous devez contacter Garnet, vous pouvez nous joindre comme suit : CANADAGarnet Instruments Ltd.286 Kaska RoadSherwood Park, AB T8A 4G7Courriel : info@garnetinstruments.comT\u00e9l\u00e9phone : 1-800-617-7384 \u00c9tats-UnisGarnet US Inc.5360 Old Granbury RoadGranbury, TX 76049Courriel : infous@garnetinstruments.comT\u00e9l\u00e9phone : 1-800-617-7384<\/p>\n","protected":false},"author":4,"featured_media":0,"parent":0,"menu_order":0,"comment_status":"closed","ping_status":"closed","template":"","meta":{"postBodyCss":"","postBodyMargin":[],"postBodyPadding":[],"postBodyBackground":{"backgroundType":"classic","gradient":""},"footnotes":"","_wp_rev_ctl_limit":""},"class_list":["post-42813","page","type-page","status-publish","hentry"],"_links":{"self":[{"href":"https:\/\/www.garnetinstruments.com\/fr-ca\/wp-json\/wp\/v2\/pages\/42813","targetHints":{"allow":["GET"]}}],"collection":[{"href":"https:\/\/www.garnetinstruments.com\/fr-ca\/wp-json\/wp\/v2\/pages"}],"about":[{"href":"https:\/\/www.garnetinstruments.com\/fr-ca\/wp-json\/wp\/v2\/types\/page"}],"author":[{"embeddable":true,"href":"https:\/\/www.garnetinstruments.com\/fr-ca\/wp-json\/wp\/v2\/users\/4"}],"replies":[{"embeddable":true,"href":"https:\/\/www.garnetinstruments.com\/fr-ca\/wp-json\/wp\/v2\/comments?post=42813"}],"version-history":[{"count":7,"href":"https:\/\/www.garnetinstruments.com\/fr-ca\/wp-json\/wp\/v2\/pages\/42813\/revisions"}],"predecessor-version":[{"id":43547,"href":"https:\/\/www.garnetinstruments.com\/fr-ca\/wp-json\/wp\/v2\/pages\/42813\/revisions\/43547"}],"wp:attachment":[{"href":"https:\/\/www.garnetinstruments.com\/fr-ca\/wp-json\/wp\/v2\/media?parent=42813"}],"curies":[{"name":"wp","href":"https:\/\/api.w.org\/{rel}","templated":true}]}}