{"id":42820,"date":"2026-01-15T14:31:23","date_gmt":"2026-01-15T21:31:23","guid":{"rendered":"https:\/\/www.garnetinstruments.com\/entrainement-au-grenat\/"},"modified":"2026-02-25T14:12:44","modified_gmt":"2026-02-25T21:12:44","slug":"entrainement-au-grenat","status":"publish","type":"page","link":"https:\/\/www.garnetinstruments.com\/fr-ca\/entrainement-au-grenat\/","title":{"rendered":"Formation Garnet"},"content":{"rendered":"\t\t<div data-elementor-type=\"wp-page\" data-elementor-id=\"42820\" class=\"elementor elementor-42820 elementor-42605\" data-elementor-post-type=\"page\">\n\t\t\t\t\t\t<section class=\"elementor-section elementor-top-section elementor-element elementor-element-043a6a0 elementor-section-height-min-height elementor-section-full_width elementor-section-height-default elementor-section-items-middle wpr-particle-no wpr-jarallax-no wpr-parallax-no wpr-sticky-section-no\" data-id=\"043a6a0\" data-element_type=\"section\" data-e-type=\"section\" data-settings=\"{&quot;background_background&quot;:&quot;classic&quot;,&quot;shape_divider_bottom&quot;:&quot;waves&quot;,&quot;shape_divider_bottom_negative&quot;:&quot;yes&quot;}\">\n\t\t\t\t\t\t\t<div class=\"elementor-background-overlay\"><\/div>\n\t\t\t\t\t\t<div class=\"elementor-shape elementor-shape-bottom\" aria-hidden=\"true\" data-negative=\"true\">\n\t\t\t<svg xmlns=\"http:\/\/www.w3.org\/2000\/svg\" viewBox=\"0 0 1000 100\" preserveAspectRatio=\"none\">\n\t<path class=\"elementor-shape-fill\" d=\"M790.5,93.1c-59.3-5.3-116.8-18-192.6-50c-29.6-12.7-76.9-31-100.5-35.9c-23.6-4.9-52.6-7.8-75.5-5.3\n\tc-10.2,1.1-22.6,1.4-50.1,7.4c-27.2,6.3-58.2,16.6-79.4,24.7c-41.3,15.9-94.9,21.9-134,22.6C72,58.2,0,25.8,0,25.8V100h1000V65.3\n\tc0,0-51.5,19.4-106.2,25.7C839.5,97,814.1,95.2,790.5,93.1z\"\/>\n<\/svg>\t\t<\/div>\n\t\t\t\t\t<div class=\"elementor-container elementor-column-gap-wider\">\n\t\t\t\t\t<div class=\"elementor-column elementor-col-100 elementor-top-column elementor-element elementor-element-e8b751e\" data-id=\"e8b751e\" data-element_type=\"column\" data-e-type=\"column\">\n\t\t\t<div class=\"elementor-widget-wrap elementor-element-populated\">\n\t\t\t\t\t\t<div class=\"elementor-element elementor-element-538eb37 elementor-invisible elementor-widget elementor-widget-heading\" data-id=\"538eb37\" data-element_type=\"widget\" data-e-type=\"widget\" data-settings=\"{&quot;_animation&quot;:&quot;fadeInDown&quot;}\" data-widget_type=\"heading.default\">\n\t\t\t\t<div class=\"elementor-widget-container\">\n\t\t\t\t\t<h1 class=\"elementor-heading-title elementor-size-default\">FORMATION GARNET POUR VR<\/h1>\t\t\t\t<\/div>\n\t\t\t\t<\/div>\n\t\t\t\t<div class=\"elementor-element elementor-element-8e54226 elementor-align-center elementor-mobile-align-center elementor-widget elementor-widget-button\" data-id=\"8e54226\" data-element_type=\"widget\" data-e-type=\"widget\" data-widget_type=\"button.default\">\n\t\t\t\t<div class=\"elementor-widget-container\">\n\t\t\t\t\t\t\t\t\t<div class=\"elementor-button-wrapper\">\n\t\t\t\t\t<a class=\"elementor-button elementor-button-link elementor-size-sm\" href=\"https:\/\/seelevelproducttraining.teachable.com\/p\/seelevel-product-training\">\n\t\t\t\t\t\t<span class=\"elementor-button-content-wrapper\">\n\t\t\t\t\t\t\t\t\t<span class=\"elementor-button-text\">INSCRIVEZ-VOUS MAINTENANT!<\/span>\n\t\t\t\t\t<\/span>\n\t\t\t\t\t<\/a>\n\t\t\t\t<\/div>\n\t\t\t\t\t\t\t\t<\/div>\n\t\t\t\t<\/div>\n\t\t\t\t\t<\/div>\n\t\t<\/div>\n\t\t\t\t\t<\/div>\n\t\t<\/section>\n\t\t\t\t<section class=\"elementor-section elementor-top-section elementor-element elementor-element-f186297 elementor-section-boxed elementor-section-height-default elementor-section-height-default wpr-particle-no wpr-jarallax-no wpr-parallax-no wpr-sticky-section-no\" data-id=\"f186297\" data-element_type=\"section\" data-e-type=\"section\">\n\t\t\t\t\t\t<div class=\"elementor-container elementor-column-gap-default\">\n\t\t\t\t\t<div class=\"elementor-column elementor-col-33 elementor-top-column elementor-element elementor-element-4317dc6\" data-id=\"4317dc6\" data-element_type=\"column\" data-e-type=\"column\">\n\t\t\t<div class=\"elementor-widget-wrap\">\n\t\t\t\t\t\t\t<\/div>\n\t\t<\/div>\n\t\t\t\t<div class=\"elementor-column elementor-col-33 elementor-top-column elementor-element elementor-element-6fd3b8c\" data-id=\"6fd3b8c\" data-element_type=\"column\" data-e-type=\"column\">\n\t\t\t<div class=\"elementor-widget-wrap elementor-element-populated\">\n\t\t\t\t\t\t<div class=\"elementor-element elementor-element-277b004 elementor-widget elementor-widget-image\" data-id=\"277b004\" data-element_type=\"widget\" data-e-type=\"widget\" data-widget_type=\"image.default\">\n\t\t\t\t<div class=\"elementor-widget-container\">\n\t\t\t\t\t\t\t\t\t\t\t\t\t\t\t<img fetchpriority=\"high\" decoding=\"async\" width=\"720\" height=\"292\" src=\"https:\/\/www.garnetinstruments.com\/wp-content\/uploads\/2024\/04\/RV-Industry-Association-Proud-Member-Logo-2.png\" class=\"attachment-large size-large wp-image-44088\" alt=\"\" srcset=\"https:\/\/www.garnetinstruments.com\/wp-content\/uploads\/2024\/04\/RV-Industry-Association-Proud-Member-Logo-2.png 720w, https:\/\/www.garnetinstruments.com\/wp-content\/uploads\/2024\/04\/RV-Industry-Association-Proud-Member-Logo-2-300x122.png 300w, https:\/\/www.garnetinstruments.com\/wp-content\/uploads\/2024\/04\/RV-Industry-Association-Proud-Member-Logo-2-600x243.png 600w\" sizes=\"(max-width: 720px) 100vw, 720px\" \/>\t\t\t\t\t\t\t\t\t\t\t\t\t\t\t<\/div>\n\t\t\t\t<\/div>\n\t\t\t\t\t<\/div>\n\t\t<\/div>\n\t\t\t\t<div class=\"elementor-column elementor-col-33 elementor-top-column elementor-element elementor-element-1c2ac35\" data-id=\"1c2ac35\" data-element_type=\"column\" data-e-type=\"column\">\n\t\t\t<div class=\"elementor-widget-wrap\">\n\t\t\t\t\t\t\t<\/div>\n\t\t<\/div>\n\t\t\t\t\t<\/div>\n\t\t<\/section>\n\t\t\t\t<section class=\"elementor-section elementor-top-section elementor-element elementor-element-f4d495b elementor-section-boxed elementor-section-height-default elementor-section-height-default wpr-particle-no wpr-jarallax-no wpr-parallax-no wpr-sticky-section-no\" data-id=\"f4d495b\" data-element_type=\"section\" data-e-type=\"section\">\n\t\t\t\t\t\t<div class=\"elementor-container elementor-column-gap-default\">\n\t\t\t\t\t<div class=\"elementor-column elementor-col-100 elementor-top-column elementor-element elementor-element-6e206c7\" data-id=\"6e206c7\" data-element_type=\"column\" data-e-type=\"column\">\n\t\t\t<div class=\"elementor-widget-wrap elementor-element-populated\">\n\t\t\t\t\t\t<div class=\"elementor-element elementor-element-5bc105d elementor-widget elementor-widget-heading\" data-id=\"5bc105d\" data-element_type=\"widget\" data-e-type=\"widget\" data-widget_type=\"heading.default\">\n\t\t\t\t<div class=\"elementor-widget-container\">\n\t\t\t\t\t<h2 class=\"elementor-heading-title elementor-size-default\">Cours en ligne pour l\u2019installation des moniteurs de r\u00e9servoir SeeLeveL.<\/h2>\t\t\t\t<\/div>\n\t\t\t\t<\/div>\n\t\t\t\t\t<\/div>\n\t\t<\/div>\n\t\t\t\t\t<\/div>\n\t\t<\/section>\n\t\t\t\t<section class=\"elementor-section elementor-top-section elementor-element elementor-element-b97fe56 elementor-section-boxed elementor-section-height-default elementor-section-height-default wpr-particle-no wpr-jarallax-no wpr-parallax-no wpr-sticky-section-no\" data-id=\"b97fe56\" data-element_type=\"section\" data-e-type=\"section\">\n\t\t\t\t\t\t<div class=\"elementor-container elementor-column-gap-default\">\n\t\t\t\t\t<div class=\"elementor-column elementor-col-100 elementor-top-column elementor-element elementor-element-f16ad35\" data-id=\"f16ad35\" data-element_type=\"column\" data-e-type=\"column\">\n\t\t\t<div class=\"elementor-widget-wrap elementor-element-populated\">\n\t\t\t\t\t\t<div class=\"elementor-element elementor-element-d5401b4 elementor-widget__width-initial elementor-widget elementor-widget-text-editor\" data-id=\"d5401b4\" data-element_type=\"widget\" data-e-type=\"widget\" data-widget_type=\"text-editor.default\">\n\t\t\t\t<div class=\"elementor-widget-container\">\n\t\t\t\t\t\t\t\t\t<h4 id=\"courseoverview\"><strong>Aper\u00e7u du cours<\/strong><\/h4><p>Le cours d\u2019installation de moniteur de r\u00e9servoir SeeLeveL est un programme en ligne <span style=\"color: #ff0000;\"><strong>GRATUIT<\/strong><\/span> \u00e0 rythme autonome qui enseigne aux techniciens, propri\u00e9taires de VR et passionn\u00e9s comment installer et configurer les syst\u00e8mes de surveillance de r\u00e9servoirs SeeLeveL 700 Series. Acqu\u00e9rez des connaissances produits, <strong>des certifications et 2 heures de formation continue reconnues par RVTI<\/strong> pour rester en avance dans l\u2019industrie en pleine \u00e9volution des VR.<\/p><hr><h4 id=\"whatyoulllearn\"><strong>Ce que vous apprendrez<\/strong><\/h4><ul><li><strong>Aper\u00e7u du produit :<\/strong> Composantes et avantages du syst\u00e8me SeeLeveL.<\/li><li><strong>Explication de la technologie :<\/strong> Comment le syst\u00e8me mesure avec pr\u00e9cision les niveaux des r\u00e9servoirs.<\/li><li><strong>Installation :<\/strong> Instructions vid\u00e9o \u00e9tape par \u00e9tape pour les capteurs, le c\u00e2blage et les panneaux.<\/li><li><strong>D\u00e9pannage :<\/strong> Probl\u00e8mes courants et solutions.<\/li><li><strong>Sp\u00e9cifications et garantie :<\/strong> D\u00e9tails cl\u00e9s et acc\u00e8s au soutien.<\/li><li><strong>Revue pratique :<\/strong> R\u00e9capitulatif et applications concr\u00e8tes.<\/li><li><strong>Examen final :<\/strong> Testez vos connaissances et obtenez une certification.<\/li><\/ul><hr><h4 id=\"coursefeatures\"><strong>Caract\u00e9ristiques du cours<\/strong><\/h4><ul><li><strong>\u00c0 votre rythme <\/strong>: Apprenez \u00e0 votre propre rythme.<\/li><li><strong>Guides visuels :<\/strong> Des tutoriels vid\u00e9o clairs pour chaque \u00e9tape.<\/li><li><strong>Tests sectionnels :<\/strong> Renforcez l\u2019apprentissage apr\u00e8s chaque module.<\/li><li><strong>Certification <\/strong>: 2 heures de formation continue + certificat \u00e0 la r\u00e9ussite.<\/li><\/ul><hr><h4 id=\"benefits\"><strong>Avantages<\/strong><\/h4><ul><li><strong>Comp\u00e9tences am\u00e9lior\u00e9es :<\/strong> Installez et entretenez avec confiance les syst\u00e8mes SeeLeveL.<\/li><li><strong>Reconnaissance professionnelle :<\/strong> Renforcez vos qualifications dans l\u2019industrie des VR.<\/li><li><strong>Meilleure exp\u00e9rience VR :<\/strong> Surveillance pr\u00e9cise des r\u00e9servoirs pour am\u00e9liorer la gestion de l\u2019eau et des d\u00e9chets.<\/li><\/ul><h5>Si vous avez besoin de plus de d\u00e9tails ou si vous avez d\u2019autres questions, n\u2019h\u00e9sitez pas \u00e0 nous contacter!<\/h5>\t\t\t\t\t\t\t\t<\/div>\n\t\t\t\t<\/div>\n\t\t\t\t\t<\/div>\n\t\t<\/div>\n\t\t\t\t\t<\/div>\n\t\t<\/section>\n\t\t\t\t<section class=\"elementor-section elementor-top-section elementor-element elementor-element-b977e37 elementor-section-boxed elementor-section-height-default elementor-section-height-default wpr-particle-no wpr-jarallax-no wpr-parallax-no wpr-sticky-section-no\" data-id=\"b977e37\" data-element_type=\"section\" data-e-type=\"section\">\n\t\t\t\t\t\t<div class=\"elementor-container elementor-column-gap-default\">\n\t\t\t\t\t<div class=\"elementor-column elementor-col-100 elementor-top-column elementor-element elementor-element-5167d8a\" data-id=\"5167d8a\" data-element_type=\"column\" data-e-type=\"column\">\n\t\t\t<div class=\"elementor-widget-wrap elementor-element-populated\">\n\t\t\t\t\t\t<div class=\"elementor-element elementor-element-603d09c elementor-widget elementor-widget-spacer\" data-id=\"603d09c\" data-element_type=\"widget\" data-e-type=\"widget\" data-widget_type=\"spacer.default\">\n\t\t\t\t<div class=\"elementor-widget-container\">\n\t\t\t\t\t\t\t<div class=\"elementor-spacer\">\n\t\t\t<div class=\"elementor-spacer-inner\"><\/div>\n\t\t<\/div>\n\t\t\t\t\t\t<\/div>\n\t\t\t\t<\/div>\n\t\t\t\t\t<\/div>\n\t\t<\/div>\n\t\t\t\t\t<\/div>\n\t\t<\/section>\n\t\t\t\t<section class=\"elementor-section elementor-top-section elementor-element elementor-element-ff48dc7 elementor-section-boxed elementor-section-height-default elementor-section-height-default wpr-particle-no wpr-jarallax-no wpr-parallax-no wpr-sticky-section-no\" data-id=\"ff48dc7\" data-element_type=\"section\" data-e-type=\"section\">\n\t\t\t\t\t\t<div class=\"elementor-container elementor-column-gap-default\">\n\t\t\t\t\t<div class=\"elementor-column elementor-col-100 elementor-top-column elementor-element elementor-element-997cbca\" data-id=\"997cbca\" data-element_type=\"column\" data-e-type=\"column\">\n\t\t\t<div class=\"elementor-widget-wrap elementor-element-populated\">\n\t\t\t\t\t\t<div class=\"elementor-element elementor-element-e68463b uael-button-halign-right uael-mobile-button-halign-center elementor-fixed uael-button-stack-none elementor-widget elementor-widget-uael-buttons\" data-id=\"e68463b\" data-element_type=\"widget\" data-e-type=\"widget\" data-settings=\"{&quot;_position&quot;:&quot;fixed&quot;}\" data-widget_type=\"uael-buttons.default\">\n\t\t\t\t<div class=\"elementor-widget-container\">\n\t\t\t\t\t\t\t<div class=\"uael-dual-button-outer-wrap\">\n\t\t\t<div class=\"uael-dual-button-wrap\">\n\t\t\t\t\t\t\t\t<div class=\"uael-button-wrapper uael-dual-button elementor-widget-button elementor-repeater-item-be5451c uael-dual-button-0\">\n\t\t\t\t\t<a class=\"elementor-button-link elementor-button elementor-size-sm elementor-button-link\" href=\"https:\/\/shopusa.garnetinstruments.com\/solutions\/holding-tanks\/\">\n\t\t\t\t\t\t\t\t<span class=\"elementor-button-content-wrapper uael-buttons-icon-left\">\n\t\t\t\t\t\t\t\t\t\t\t\t<span class=\"elementor-align-icon-left elementor-button-icon\">\n\t\t\t\t\t\t<i aria-hidden=\"true\" class=\"fas fa-flag-usa\"><\/i>\t\t\t\t\t<\/span>\n\t\t\t\t\t\t\t\t\t\t<span class=\"elementor-button-text elementor-inline-editing\" data-elementor-setting-key=\"buttons.0.text\" data-elementor-inline-editing-toolbar=\"none\">Magasinez VR USA<\/span>\n\t\t<\/span>\n\t\t\t\t\t\t\t<\/a>\n\t\t\t\t<\/div>\n\t\t\t\t\t\t\t\t<div class=\"uael-button-wrapper uael-dual-button elementor-widget-button elementor-repeater-item-e394fbe uael-dual-button-1\">\n\t\t\t\t\t<a class=\"elementor-button-link elementor-button elementor-size-sm elementor-button-link\" href=\"https:\/\/shopcan.garnetinstruments.com\/solutions\/holding-tanks\/\">\n\t\t\t\t\t\t\t\t<span class=\"elementor-button-content-wrapper uael-buttons-icon-left elementor-button-content-wrapper uael-buttons-icon-left\">\n\t\t\t\t\t\t\t\t\t\t\t\t<span class=\"elementor-align-icon-left elementor-button-icon\">\n\t\t\t\t\t\t<i aria-hidden=\"true\" class=\"fab fa-canadian-maple-leaf\"><\/i>\t\t\t\t\t<\/span>\n\t\t\t\t\t\t\t\t\t\t<span class=\"elementor-button-text elementor-inline-editing\" data-elementor-setting-key=\"buttons.1.text\" data-elementor-inline-editing-toolbar=\"none\">Magasinez VR Canada<\/span>\n\t\t<\/span>\n\t\t\t\t\t\t\t<\/a>\n\t\t\t\t<\/div>\n\t\t\t\t\t\t\t<\/div>\n\t\t<\/div>\n\t\t\t\t\t\t<\/div>\n\t\t\t\t<\/div>\n\t\t\t\t\t<\/div>\n\t\t<\/div>\n\t\t\t\t\t<\/div>\n\t\t<\/section>\n\t\t\t\t<section class=\"elementor-section elementor-top-section elementor-element elementor-element-e28885d elementor-section-full_width elementor-section-stretched elementor-section-height-default elementor-section-height-default wpr-particle-no wpr-jarallax-no wpr-parallax-no wpr-sticky-section-no\" data-id=\"e28885d\" data-element_type=\"section\" data-e-type=\"section\" data-settings=\"{&quot;stretch_section&quot;:&quot;section-stretched&quot;}\">\n\t\t\t\t\t\t<div class=\"elementor-container elementor-column-gap-no\">\n\t\t\t\t\t<div class=\"elementor-column elementor-col-100 elementor-top-column elementor-element elementor-element-bf08e1a\" data-id=\"bf08e1a\" data-element_type=\"column\" data-e-type=\"column\">\n\t\t\t<div class=\"elementor-widget-wrap elementor-element-populated\">\n\t\t\t\t\t\t<div class=\"elementor-element elementor-element-3fe0eac elementor-widget__width-inherit elementor-widget elementor-widget-image\" data-id=\"3fe0eac\" data-element_type=\"widget\" data-e-type=\"widget\" data-widget_type=\"image.default\">\n\t\t\t\t<div class=\"elementor-widget-container\">\n\t\t\t\t\t\t\t\t\t\t\t\t\t\t\t<img decoding=\"async\" src=\"https:\/\/www.garnetinstruments.com\/wp-content\/uploads\/elementor\/thumbs\/bottom-black-wave-ri571bncvu4s3znk0x4hyxfhm6rnzqz92w0i5acm9g.png\" title=\"Onde noire inf\u00e9rieure\" alt=\"Onde noire inf\u00e9rieure\" loading=\"lazy\" \/>\t\t\t\t\t\t\t\t\t\t\t\t\t\t\t<\/div>\n\t\t\t\t<\/div>\n\t\t\t\t\t<\/div>\n\t\t<\/div>\n\t\t\t\t\t<\/div>\n\t\t<\/section>\n\t\t\t\t<\/div>\n\t\t\n    <div class=\"xs_social_share_widget xs_share_url after_content \t\tmain_content  wslu-style-1 wslu-share-box-shaped wslu-fill-colored wslu-none wslu-share-horizontal wslu-theme-font-no wslu-main_content\">\n\n\t\t\n        <ul>\n\t\t\t        <\/ul>\n    <\/div> \n","protected":false},"excerpt":{"rendered":"<p>FORMATION GARNET POUR VR INSCRIVEZ-VOUS MAINTENANT! Cours en ligne pour l\u2019installation des moniteurs de r\u00e9servoir SeeLeveL. Aper\u00e7u du cours Le cours d\u2019installation de moniteur de r\u00e9servoir SeeLeveL est un programme en ligne GRATUIT \u00e0 rythme autonome qui enseigne aux techniciens, propri\u00e9taires de VR et passionn\u00e9s comment installer et configurer les syst\u00e8mes de surveillance de r\u00e9servoirs SeeLeveL 700 Series. Acqu\u00e9rez des connaissances produits, des certifications et 2 heures de formation continue reconnues par RVTI pour rester en avance dans l\u2019industrie en pleine \u00e9volution des VR. Ce que vous apprendrez Aper\u00e7u du produit : Composantes et avantages du syst\u00e8me SeeLeveL. Explication de la technologie : Comment le syst\u00e8me mesure avec pr\u00e9cision les niveaux des r\u00e9servoirs. Installation : Instructions vid\u00e9o \u00e9tape par \u00e9tape pour les capteurs, le c\u00e2blage et les panneaux. D\u00e9pannage : Probl\u00e8mes courants et solutions. Sp\u00e9cifications et garantie : D\u00e9tails cl\u00e9s et acc\u00e8s au soutien. Revue pratique : R\u00e9capitulatif et applications concr\u00e8tes. Examen final : Testez vos connaissances et obtenez une certification. Caract\u00e9ristiques du cours \u00c0 votre rythme : Apprenez \u00e0 votre propre rythme. Guides visuels : Des tutoriels vid\u00e9o clairs pour chaque \u00e9tape. Tests sectionnels : Renforcez l\u2019apprentissage apr\u00e8s chaque module. Certification : 2 heures de formation continue + certificat \u00e0 la r\u00e9ussite. Avantages Comp\u00e9tences am\u00e9lior\u00e9es : Installez et entretenez avec confiance les syst\u00e8mes SeeLeveL. Reconnaissance professionnelle : Renforcez vos qualifications dans l\u2019industrie des VR. Meilleure exp\u00e9rience VR : Surveillance pr\u00e9cise des r\u00e9servoirs pour am\u00e9liorer la gestion de l\u2019eau et des d\u00e9chets. Si vous avez besoin de plus de d\u00e9tails ou si vous avez d\u2019autres questions, n\u2019h\u00e9sitez pas \u00e0 nous contacter! Magasinez VR USA Magasinez VR Canada<\/p>\n","protected":false},"author":4,"featured_media":0,"parent":0,"menu_order":5,"comment_status":"closed","ping_status":"closed","template":"","meta":{"postBodyCss":"","postBodyMargin":[],"postBodyPadding":[],"postBodyBackground":{"backgroundType":"classic","gradient":""},"footnotes":"","_wp_rev_ctl_limit":""},"class_list":["post-42820","page","type-page","status-publish","hentry"],"_links":{"self":[{"href":"https:\/\/www.garnetinstruments.com\/fr-ca\/wp-json\/wp\/v2\/pages\/42820","targetHints":{"allow":["GET"]}}],"collection":[{"href":"https:\/\/www.garnetinstruments.com\/fr-ca\/wp-json\/wp\/v2\/pages"}],"about":[{"href":"https:\/\/www.garnetinstruments.com\/fr-ca\/wp-json\/wp\/v2\/types\/page"}],"author":[{"embeddable":true,"href":"https:\/\/www.garnetinstruments.com\/fr-ca\/wp-json\/wp\/v2\/users\/4"}],"replies":[{"embeddable":true,"href":"https:\/\/www.garnetinstruments.com\/fr-ca\/wp-json\/wp\/v2\/comments?post=42820"}],"version-history":[{"count":9,"href":"https:\/\/www.garnetinstruments.com\/fr-ca\/wp-json\/wp\/v2\/pages\/42820\/revisions"}],"predecessor-version":[{"id":43545,"href":"https:\/\/www.garnetinstruments.com\/fr-ca\/wp-json\/wp\/v2\/pages\/42820\/revisions\/43545"}],"wp:attachment":[{"href":"https:\/\/www.garnetinstruments.com\/fr-ca\/wp-json\/wp\/v2\/media?parent=42820"}],"curies":[{"name":"wp","href":"https:\/\/api.w.org\/{rel}","templated":true}]}}