{"id":42884,"date":"2022-01-19T20:56:04","date_gmt":"2022-01-20T03:56:04","guid":{"rendered":"https:\/\/www.garnetinstruments.com\/videos-sur-le-transport-liquide\/"},"modified":"2026-02-25T14:13:00","modified_gmt":"2026-02-25T21:13:00","slug":"videos-sur-le-transport-liquide","status":"publish","type":"page","link":"https:\/\/www.garnetinstruments.com\/fr-ca\/videos-sur-le-transport-liquide\/","title":{"rendered":"Vid\u00e9os sur le transport de liquides"},"content":{"rendered":"\t\t<div data-elementor-type=\"wp-page\" data-elementor-id=\"42884\" class=\"elementor elementor-42884 elementor-24658\" data-elementor-post-type=\"page\">\n\t\t\t\t\t\t<section class=\"elementor-section elementor-top-section elementor-element elementor-element-29896ae elementor-section-height-min-height elementor-section-full_width elementor-section-height-default elementor-section-items-middle wpr-particle-no wpr-jarallax-no wpr-parallax-no wpr-sticky-section-no\" data-id=\"29896ae\" data-element_type=\"section\" data-e-type=\"section\" data-settings=\"{&quot;background_background&quot;:&quot;classic&quot;,&quot;shape_divider_bottom&quot;:&quot;waves&quot;,&quot;shape_divider_bottom_negative&quot;:&quot;yes&quot;}\">\n\t\t\t\t\t\t\t<div class=\"elementor-background-overlay\"><\/div>\n\t\t\t\t\t\t<div class=\"elementor-shape elementor-shape-bottom\" aria-hidden=\"true\" data-negative=\"true\">\n\t\t\t<svg xmlns=\"http:\/\/www.w3.org\/2000\/svg\" viewBox=\"0 0 1000 100\" preserveAspectRatio=\"none\">\n\t<path class=\"elementor-shape-fill\" d=\"M790.5,93.1c-59.3-5.3-116.8-18-192.6-50c-29.6-12.7-76.9-31-100.5-35.9c-23.6-4.9-52.6-7.8-75.5-5.3\n\tc-10.2,1.1-22.6,1.4-50.1,7.4c-27.2,6.3-58.2,16.6-79.4,24.7c-41.3,15.9-94.9,21.9-134,22.6C72,58.2,0,25.8,0,25.8V100h1000V65.3\n\tc0,0-51.5,19.4-106.2,25.7C839.5,97,814.1,95.2,790.5,93.1z\"\/>\n<\/svg>\t\t<\/div>\n\t\t\t\t\t<div class=\"elementor-container elementor-column-gap-wider\">\n\t\t\t\t\t<div class=\"elementor-column elementor-col-33 elementor-top-column elementor-element elementor-element-e7bac32\" data-id=\"e7bac32\" data-element_type=\"column\" data-e-type=\"column\">\n\t\t\t<div class=\"elementor-widget-wrap\">\n\t\t\t\t\t\t\t<\/div>\n\t\t<\/div>\n\t\t\t\t<div class=\"elementor-column elementor-col-33 elementor-top-column elementor-element elementor-element-268aadd\" data-id=\"268aadd\" data-element_type=\"column\" data-e-type=\"column\">\n\t\t\t<div class=\"elementor-widget-wrap elementor-element-populated\">\n\t\t\t\t\t\t<div class=\"elementor-element elementor-element-7072fb6 elementor-widget elementor-widget-heading\" data-id=\"7072fb6\" data-element_type=\"widget\" data-e-type=\"widget\" data-widget_type=\"heading.default\">\n\t\t\t\t<div class=\"elementor-widget-container\">\n\t\t\t\t\t<h2 class=\"elementor-heading-title elementor-size-default\">VID\u00c9OS<\/h2>\t\t\t\t<\/div>\n\t\t\t\t<\/div>\n\t\t\t\t<div class=\"elementor-element elementor-element-6fb8c07 elementor-widget elementor-widget-heading\" data-id=\"6fb8c07\" data-element_type=\"widget\" data-e-type=\"widget\" data-widget_type=\"heading.default\">\n\t\t\t\t<div class=\"elementor-widget-container\">\n\t\t\t\t\t<h2 class=\"elementor-heading-title elementor-size-default\">Produits de transport de liquides<\/h2>\t\t\t\t<\/div>\n\t\t\t\t<\/div>\n\t\t\t\t<div class=\"elementor-element elementor-element-e1d75ff elementor-widget elementor-widget-text-editor\" data-id=\"e1d75ff\" data-element_type=\"widget\" data-e-type=\"widget\" data-widget_type=\"text-editor.default\">\n\t\t\t\t<div class=\"elementor-widget-container\">\n\t\t\t\t\t\t\t\t\t<p style=\"text-align: center;\">D\u00e9couvrez des informations d\u00e9taill\u00e9es sur les produits et des guides d\u2019installation faciles \u00e0 suivre dans notre vid\u00e9oth\u00e8que pour am\u00e9liorer votre exp\u00e9rience.<\/p>\t\t\t\t\t\t\t\t<\/div>\n\t\t\t\t<\/div>\n\t\t\t\t\t<\/div>\n\t\t<\/div>\n\t\t\t\t<div class=\"elementor-column elementor-col-33 elementor-top-column elementor-element elementor-element-4cb5058\" data-id=\"4cb5058\" data-element_type=\"column\" data-e-type=\"column\">\n\t\t\t<div class=\"elementor-widget-wrap\">\n\t\t\t\t\t\t\t<\/div>\n\t\t<\/div>\n\t\t\t\t\t<\/div>\n\t\t<\/section>\n\t\t\t\t<section class=\"elementor-section elementor-top-section elementor-element elementor-element-424f637 elementor-section-boxed elementor-section-height-default elementor-section-height-default wpr-particle-no wpr-jarallax-no wpr-parallax-no wpr-sticky-section-no\" data-id=\"424f637\" data-element_type=\"section\" data-e-type=\"section\">\n\t\t\t\t\t\t<div class=\"elementor-container elementor-column-gap-default\">\n\t\t\t\t\t<div class=\"elementor-column elementor-col-100 elementor-top-column elementor-element elementor-element-52d9ab4\" data-id=\"52d9ab4\" data-element_type=\"column\" data-e-type=\"column\">\n\t\t\t<div class=\"elementor-widget-wrap elementor-element-populated\">\n\t\t\t\t\t\t<div class=\"elementor-element elementor-element-8a27e02 elementor-widget elementor-widget-spacer\" data-id=\"8a27e02\" data-element_type=\"widget\" data-e-type=\"widget\" data-widget_type=\"spacer.default\">\n\t\t\t\t<div class=\"elementor-widget-container\">\n\t\t\t\t\t\t\t<div class=\"elementor-spacer\">\n\t\t\t<div class=\"elementor-spacer-inner\"><\/div>\n\t\t<\/div>\n\t\t\t\t\t\t<\/div>\n\t\t\t\t<\/div>\n\t\t\t\t\t<\/div>\n\t\t<\/div>\n\t\t\t\t\t<\/div>\n\t\t<\/section>\n\t\t\t\t<section class=\"elementor-section elementor-top-section elementor-element elementor-element-1aae50a elementor-section-boxed elementor-section-height-default elementor-section-height-default wpr-particle-no wpr-jarallax-no wpr-parallax-no wpr-sticky-section-no\" data-id=\"1aae50a\" data-element_type=\"section\" data-e-type=\"section\">\n\t\t\t\t\t\t<div class=\"elementor-container elementor-column-gap-default\">\n\t\t\t\t\t<div class=\"elementor-column elementor-col-100 elementor-top-column elementor-element elementor-element-583ed8c\" data-id=\"583ed8c\" data-element_type=\"column\" data-e-type=\"column\">\n\t\t\t<div class=\"elementor-widget-wrap elementor-element-populated\">\n\t\t\t\t\t\t<div class=\"elementor-element elementor-element-3f117ef elementor-widget elementor-widget-text-editor\" data-id=\"3f117ef\" data-element_type=\"widget\" data-e-type=\"widget\" data-widget_type=\"text-editor.default\">\n\t\t\t\t<div class=\"elementor-widget-container\">\n\t\t\t\t\t\t\t\t\t<p>Bienvenue dans notre s\u00e9rie de vid\u00e9os produits, o\u00f9 nous explorons les solutions innovantes offertes par les syst\u00e8mes SeeLeveL\u2122 de Garnet pour la mesure du niveau de liquide des r\u00e9servoirs de camions. Ces syst\u00e8mes sont con\u00e7us pour assurer un transfert et un transport s\u00e9curitaires, efficaces et fiables des liquides en vrac, y compris les substances inflammables.<\/p>\t\t\t\t\t\t\t\t<\/div>\n\t\t\t\t<\/div>\n\t\t\t\t\t<\/div>\n\t\t<\/div>\n\t\t\t\t\t<\/div>\n\t\t<\/section>\n\t\t\t\t<section class=\"elementor-section elementor-top-section elementor-element elementor-element-7f71642 elementor-section-boxed elementor-section-height-default elementor-section-height-default wpr-particle-no wpr-jarallax-no wpr-parallax-no wpr-sticky-section-no\" data-id=\"7f71642\" data-element_type=\"section\" data-e-type=\"section\">\n\t\t\t\t\t\t<div class=\"elementor-container elementor-column-gap-default\">\n\t\t\t\t\t<div class=\"elementor-column elementor-col-100 elementor-top-column elementor-element elementor-element-cd6b0f7\" data-id=\"cd6b0f7\" data-element_type=\"column\" data-e-type=\"column\">\n\t\t\t<div class=\"elementor-widget-wrap elementor-element-populated\">\n\t\t\t\t\t\t<div class=\"elementor-element elementor-element-b5b2072 uael-video-gallery__column-2 uael-video-gallery-tablet__column-2 uael-video-gallery-mobile__column-1 elementor-widget elementor-widget-uael-video-gallery\" data-id=\"b5b2072\" data-element_type=\"widget\" data-e-type=\"widget\" data-settings=\"{&quot;gallery_columns&quot;:&quot;2&quot;,&quot;gallery_columns_tablet&quot;:&quot;2&quot;,&quot;gallery_columns_mobile&quot;:&quot;1&quot;,&quot;column_gap&quot;:{&quot;unit&quot;:&quot;px&quot;,&quot;size&quot;:10,&quot;sizes&quot;:[]},&quot;column_gap_tablet&quot;:{&quot;unit&quot;:&quot;px&quot;,&quot;size&quot;:&quot;&quot;,&quot;sizes&quot;:[]},&quot;column_gap_mobile&quot;:{&quot;unit&quot;:&quot;px&quot;,&quot;size&quot;:&quot;&quot;,&quot;sizes&quot;:[]},&quot;row_gap&quot;:{&quot;unit&quot;:&quot;px&quot;,&quot;size&quot;:10,&quot;sizes&quot;:[]},&quot;row_gap_tablet&quot;:{&quot;unit&quot;:&quot;px&quot;,&quot;size&quot;:&quot;&quot;,&quot;sizes&quot;:[]},&quot;row_gap_mobile&quot;:{&quot;unit&quot;:&quot;px&quot;,&quot;size&quot;:&quot;&quot;,&quot;sizes&quot;:[]},&quot;play_icon_size&quot;:{&quot;unit&quot;:&quot;px&quot;,&quot;size&quot;:60,&quot;sizes&quot;:[]},&quot;play_icon_size_tablet&quot;:{&quot;unit&quot;:&quot;px&quot;,&quot;size&quot;:45,&quot;sizes&quot;:[]},&quot;play_icon_size_mobile&quot;:{&quot;unit&quot;:&quot;px&quot;,&quot;size&quot;:35,&quot;sizes&quot;:[]}}\" data-widget_type=\"uael-video-gallery.default\">\n\t\t\t\t<div class=\"elementor-widget-container\">\n\t\t\t\t\t<div class=\"uael-video-gallery-wrap uael-vg__layout-grid uael-vg__action-lightbox uael-aspect-ratio-16_9\" data-action=\"lightbox\" data-layout=\"grid\" data-all-filters=\"filter-vid--os-d---information\" >\t\t\t\t<div class=\"uael-video__gallery-item\" id=\"uael-video__gallery-item1\">\n\n\t\t\t\t\t\t\t\t\t\t<div class=\"uael-video__gallery-iframe\" style=\"background-image:url('https:\/\/www.garnetinstruments.com\/wp-content\/uploads\/2025\/04\/Liquid-Level-Measurement-thumbnail.png');\">\n\t\t\t\t\t\t<a class=\"elementor-clickable uael-vg__play_full\" href=\"https:\/\/www.youtube.com\/embed\/HcLNXGxblJ8?autoplay=1&amp;version=3&amp;enablejsapi=1\" data-fancybox=\"uael-video-gallery-b5b2072\">\n\t\t\t\t\t\t\t<div class=\"uael-video__content-wrap\">\n\t\t\t\t\t\t\t\t<div class=\"uael-video__content\">\n\t\t\t\t\t\t\t\t\t\t\t\t\t\t\t\t\t\t<div class=\"uael-vg__play\">\n\t\t\t\t\t\t\t\t\t\t\t\t\t\t\t\t\t\t<span class=\"elementor-animation- uael-vg__play-icon\">\n\t\t\t\t\t\t<i aria-hidden=\"true\" class=\"far fa-play-circle\"><\/i>\t\t\t\t\t<\/span>\n\t\t\t\t\t\t\t\t\t\t\t\t\t\t\t\t\t\t<\/div>\n\n\t\t\t\t\t\t\t\t\t\n\t\t\t\t\t\t\t\t<\/div>\n\t\t\t\t\t\t\t<\/div>\n\t\t\t\t\t\t<\/a>\n\t\t\t\t\t<\/div>\n\t\t\t\t\t\t\t\t\t\t<div class=\"uael-vg__overlay\"><\/div>\n\t\t\t\t\t\t\t\t\t<\/div>\n\t\t\t\t\t\t\t\t<div class=\"uael-video__gallery-item\" id=\"uael-video__gallery-item2\">\n\n\t\t\t\t\t\t\t\t\t\t<div class=\"uael-video__gallery-iframe\" style=\"background-image:url('https:\/\/www.garnetinstruments.com\/wp-content\/uploads\/2025\/04\/SeeLeveL-Special-at-a-Glance-thumbnail.png');\">\n\t\t\t\t\t\t<a class=\"elementor-clickable uael-vg__play_full\" href=\"https:\/\/www.youtube.com\/embed\/RFjH8C13zu4?autoplay=1&amp;version=3&amp;enablejsapi=1\" data-fancybox=\"uael-video-gallery-b5b2072\">\n\t\t\t\t\t\t\t<div class=\"uael-video__content-wrap\">\n\t\t\t\t\t\t\t\t<div class=\"uael-video__content\">\n\t\t\t\t\t\t\t\t\t\t\t\t\t\t\t\t\t\t<div class=\"uael-vg__play\">\n\t\t\t\t\t\t\t\t\t\t\t\t\t\t\t\t\t\t<span class=\"elementor-animation- uael-vg__play-icon\">\n\t\t\t\t\t\t<i aria-hidden=\"true\" class=\"far fa-play-circle\"><\/i>\t\t\t\t\t<\/span>\n\t\t\t\t\t\t\t\t\t\t\t\t\t\t\t\t\t\t<\/div>\n\n\t\t\t\t\t\t\t\t\t\n\t\t\t\t\t\t\t\t<\/div>\n\t\t\t\t\t\t\t<\/div>\n\t\t\t\t\t\t<\/a>\n\t\t\t\t\t<\/div>\n\t\t\t\t\t\t\t\t\t\t<div class=\"uael-vg__overlay\"><\/div>\n\t\t\t\t\t\t\t\t\t<\/div>\n\t\t\t\t\t\t\t\t<div class=\"uael-video__gallery-item\" id=\"uael-video__gallery-item3\">\n\n\t\t\t\t\t\t\t\t\t\t<div class=\"uael-video__gallery-iframe\" style=\"background-image:url('https:\/\/www.garnetinstruments.com\/wp-content\/uploads\/2025\/04\/Video-thumbnail.png');\">\n\t\t\t\t\t\t<a class=\"elementor-clickable uael-vg__play_full\" href=\"https:\/\/www.youtube.com\/embed\/j8exj8bqXP8?autoplay=1&amp;version=3&amp;enablejsapi=1\" data-fancybox=\"uael-video-gallery-b5b2072\">\n\t\t\t\t\t\t\t<div class=\"uael-video__content-wrap\">\n\t\t\t\t\t\t\t\t<div class=\"uael-video__content\">\n\t\t\t\t\t\t\t\t\t\t\t\t\t\t\t\t\t\t<div class=\"uael-vg__play\">\n\t\t\t\t\t\t\t\t\t\t\t\t\t\t\t\t\t\t<span class=\"elementor-animation- uael-vg__play-icon\">\n\t\t\t\t\t\t<i aria-hidden=\"true\" class=\"far fa-play-circle\"><\/i>\t\t\t\t\t<\/span>\n\t\t\t\t\t\t\t\t\t\t\t\t\t\t\t\t\t\t<\/div>\n\n\t\t\t\t\t\t\t\t\t\n\t\t\t\t\t\t\t\t<\/div>\n\t\t\t\t\t\t\t<\/div>\n\t\t\t\t\t\t<\/a>\n\t\t\t\t\t<\/div>\n\t\t\t\t\t\t\t\t\t\t<div class=\"uael-vg__overlay\"><\/div>\n\t\t\t\t\t\t\t\t\t<\/div>\n\t\t\t\t\t\t\t\t<div class=\"uael-video__gallery-item\" id=\"uael-video__gallery-item4\">\n\n\t\t\t\t\t\t\t\t\t\t<div class=\"uael-video__gallery-iframe\" style=\"background-image:url('https:\/\/www.garnetinstruments.com\/wp-content\/uploads\/2025\/04\/SeeLeveL-PosiGround-at-a-Glance-thumbnail2.png');\">\n\t\t\t\t\t\t<a class=\"elementor-clickable uael-vg__play_full\" href=\"https:\/\/www.youtube.com\/embed\/j8exj8bqXP8\/rSQSAYjyaj4?autoplay=1&amp;version=3&amp;enablejsapi=1\" data-fancybox=\"uael-video-gallery-b5b2072\">\n\t\t\t\t\t\t\t<div class=\"uael-video__content-wrap\">\n\t\t\t\t\t\t\t\t<div class=\"uael-video__content\">\n\t\t\t\t\t\t\t\t\t\t\t\t\t\t\t\t\t\t<div class=\"uael-vg__play\">\n\t\t\t\t\t\t\t\t\t\t\t\t\t\t\t\t\t\t<span class=\"elementor-animation- uael-vg__play-icon\">\n\t\t\t\t\t\t<i aria-hidden=\"true\" class=\"far fa-play-circle\"><\/i>\t\t\t\t\t<\/span>\n\t\t\t\t\t\t\t\t\t\t\t\t\t\t\t\t\t\t<\/div>\n\n\t\t\t\t\t\t\t\t\t\n\t\t\t\t\t\t\t\t<\/div>\n\t\t\t\t\t\t\t<\/div>\n\t\t\t\t\t\t<\/a>\n\t\t\t\t\t<\/div>\n\t\t\t\t\t\t\t\t\t\t<div class=\"uael-vg__overlay\"><\/div>\n\t\t\t\t\t\t\t\t\t<\/div>\n\t\t\t\t<\/div>\t\t<script type=\"text\/javascript\">\n\t\t\tjQuery( document ).ready( function( $ ) {\n\n\t\t\t\t$( '.uael-video-gallery-wrap' ).each( function() {\n\n\t\t\t\t\tvar $node_id \t= 'b5b2072';\n\t\t\t\t\tvar\tscope \t\t= $( '[data-id=\"' + $node_id + '\"]' );\n\t\t\t\t\tvar selector \t= $(this);\n\n\t\t\t\t\tif ( selector.closest( scope ).length < 1 ) {\n\t\t\t\t\t\treturn;\n\t\t\t\t\t}\n\n\t\t\t\t\tif ( ! selector.hasClass( 'uael-video-gallery-filter' ) ) {\n\t\t\t\t\t\treturn;\n\t\t\t\t\t}\n\n\t\t\t\t\tvar filters = scope.find( '.uael-video__gallery-filters' );\n\t\t\t\t\tvar def_cat = '*';\n\n\t\t\t\t\tif ( filters.length > 0 ) {\n\n\t\t\t\t\t\tvar def_filter = filters.data( 'default' );\n\n\t\t\t\t\t\tif ( '' !== def_filter ) {\n\n\t\t\t\t\t\t\tdef_cat \t= def_filter;\n\t\t\t\t\t\t\tdef_cat_sel = filters.find( '[data-filter=\"' + def_filter + '\"]' );\n\n\t\t\t\t\t\t\tif ( def_cat_sel.length > 0 ) {\n\t\t\t\t\t\t\t\tdef_cat_sel.siblings().removeClass( 'uael-filter__current' );\n\t\t\t\t\t\t\t\tdef_cat_sel.addClass( 'uael-filter__current' );\n\t\t\t\t\t\t\t}\n\t\t\t\t\t\t}\n\t\t\t\t\t}\n\n\t\t\t\t\tvar $obj = {};\n\n\t\t\t\t\tselector.imagesLoaded( function( e ) {\n\n\t\t\t\t\t\t$obj = selector.isotope({\n\t\t\t\t\t\t\tfilter: def_cat,\n\t\t\t\t\t\t\tlayoutMode: 'masonry',\n\t\t\t\t\t\t\titemSelector: '.uael-video__gallery-item',\n\t\t\t\t\t\t});\n\n\t\t\t\t\t\tselector.find( '.uael-video__gallery-item' ).resize( function() {\n\t\t\t\t\t\t\t$obj.isotope( 'layout' );\n\t\t\t\t\t\t});\n\t\t\t\t\t});\n\n\t\t\t\t});\n\t\t\t});\n\t\t<\/script>\n\t\t\t\t\t\t<\/div>\n\t\t\t\t<\/div>\n\t\t\t\t\t<\/div>\n\t\t<\/div>\n\t\t\t\t\t<\/div>\n\t\t<\/section>\n\t\t\t\t<section class=\"elementor-section elementor-top-section elementor-element elementor-element-eeda2f3 elementor-section-boxed elementor-section-height-default elementor-section-height-default wpr-particle-no wpr-jarallax-no wpr-parallax-no wpr-sticky-section-no\" data-id=\"eeda2f3\" data-element_type=\"section\" data-e-type=\"section\">\n\t\t\t\t\t\t<div class=\"elementor-container elementor-column-gap-default\">\n\t\t\t\t\t<div class=\"elementor-column elementor-col-100 elementor-top-column elementor-element elementor-element-97bc989\" data-id=\"97bc989\" data-element_type=\"column\" data-e-type=\"column\">\n\t\t\t<div class=\"elementor-widget-wrap elementor-element-populated\">\n\t\t\t\t\t\t<div class=\"elementor-element elementor-element-051f32f elementor-widget elementor-widget-spacer\" data-id=\"051f32f\" data-element_type=\"widget\" data-e-type=\"widget\" data-widget_type=\"spacer.default\">\n\t\t\t\t<div class=\"elementor-widget-container\">\n\t\t\t\t\t\t\t<div class=\"elementor-spacer\">\n\t\t\t<div class=\"elementor-spacer-inner\"><\/div>\n\t\t<\/div>\n\t\t\t\t\t\t<\/div>\n\t\t\t\t<\/div>\n\t\t\t\t\t<\/div>\n\t\t<\/div>\n\t\t\t\t\t<\/div>\n\t\t<\/section>\n\t\t\t\t<section class=\"elementor-section elementor-top-section elementor-element elementor-element-202a51e elementor-section-full_width elementor-section-stretched elementor-section-height-default elementor-section-height-default wpr-particle-no wpr-jarallax-no wpr-parallax-no wpr-sticky-section-no\" data-id=\"202a51e\" data-element_type=\"section\" data-e-type=\"section\" data-settings=\"{&quot;stretch_section&quot;:&quot;section-stretched&quot;}\">\n\t\t\t\t\t\t<div class=\"elementor-container elementor-column-gap-no\">\n\t\t\t\t\t<div class=\"elementor-column elementor-col-100 elementor-top-column elementor-element elementor-element-3648214\" data-id=\"3648214\" data-element_type=\"column\" data-e-type=\"column\">\n\t\t\t<div class=\"elementor-widget-wrap elementor-element-populated\">\n\t\t\t\t\t\t<div class=\"elementor-element elementor-element-18c4341 elementor-widget__width-inherit elementor-widget elementor-widget-image\" data-id=\"18c4341\" data-element_type=\"widget\" data-e-type=\"widget\" data-widget_type=\"image.default\">\n\t\t\t\t<div class=\"elementor-widget-container\">\n\t\t\t\t\t\t\t\t\t\t\t\t\t\t\t<img decoding=\"async\" src=\"https:\/\/www.garnetinstruments.com\/wp-content\/uploads\/elementor\/thumbs\/bottom-black-wave-ri571bncvu4s3znk0x4hyxfhm6rnzqz92w0i5acm9g.png\" title=\"Onde noire inf\u00e9rieure\" alt=\"Onde noire inf\u00e9rieure\" loading=\"lazy\" \/>\t\t\t\t\t\t\t\t\t\t\t\t\t\t\t<\/div>\n\t\t\t\t<\/div>\n\t\t\t\t\t<\/div>\n\t\t<\/div>\n\t\t\t\t\t<\/div>\n\t\t<\/section>\n\t\t\t\t<\/div>\n\t\t\n    <div class=\"xs_social_share_widget xs_share_url after_content \t\tmain_content  wslu-style-1 wslu-share-box-shaped wslu-fill-colored wslu-none wslu-share-horizontal wslu-theme-font-no wslu-main_content\">\n\n\t\t\n        <ul>\n\t\t\t        <\/ul>\n    <\/div> \n","protected":false},"excerpt":{"rendered":"<p>VID\u00c9OS Produits de transport de liquides D\u00e9couvrez des informations d\u00e9taill\u00e9es sur les produits et des guides d\u2019installation faciles \u00e0 suivre dans notre vid\u00e9oth\u00e8que pour am\u00e9liorer votre exp\u00e9rience. Bienvenue dans notre s\u00e9rie de vid\u00e9os produits, o\u00f9 nous explorons les solutions innovantes offertes par les syst\u00e8mes SeeLeveL\u2122 de Garnet pour la mesure du niveau de liquide des r\u00e9servoirs de camions. Ces syst\u00e8mes sont con\u00e7us pour assurer un transfert et un transport s\u00e9curitaires, efficaces et fiables des liquides en vrac, y compris les substances inflammables.<\/p>\n","protected":false},"author":4,"featured_media":0,"parent":0,"menu_order":0,"comment_status":"closed","ping_status":"closed","template":"","meta":{"postBodyCss":"","postBodyMargin":[],"postBodyPadding":[],"postBodyBackground":{"backgroundType":"classic","gradient":""},"footnotes":"","_wp_rev_ctl_limit":""},"class_list":["post-42884","page","type-page","status-publish","hentry"],"_links":{"self":[{"href":"https:\/\/www.garnetinstruments.com\/fr-ca\/wp-json\/wp\/v2\/pages\/42884","targetHints":{"allow":["GET"]}}],"collection":[{"href":"https:\/\/www.garnetinstruments.com\/fr-ca\/wp-json\/wp\/v2\/pages"}],"about":[{"href":"https:\/\/www.garnetinstruments.com\/fr-ca\/wp-json\/wp\/v2\/types\/page"}],"author":[{"embeddable":true,"href":"https:\/\/www.garnetinstruments.com\/fr-ca\/wp-json\/wp\/v2\/users\/4"}],"replies":[{"embeddable":true,"href":"https:\/\/www.garnetinstruments.com\/fr-ca\/wp-json\/wp\/v2\/comments?post=42884"}],"version-history":[{"count":8,"href":"https:\/\/www.garnetinstruments.com\/fr-ca\/wp-json\/wp\/v2\/pages\/42884\/revisions"}],"predecessor-version":[{"id":43856,"href":"https:\/\/www.garnetinstruments.com\/fr-ca\/wp-json\/wp\/v2\/pages\/42884\/revisions\/43856"}],"wp:attachment":[{"href":"https:\/\/www.garnetinstruments.com\/fr-ca\/wp-json\/wp\/v2\/media?parent=42884"}],"curies":[{"name":"wp","href":"https:\/\/api.w.org\/{rel}","templated":true}]}}