{"id":42926,"date":"2021-08-04T14:32:25","date_gmt":"2021-08-04T20:32:25","guid":{"rendered":"https:\/\/www.garnetinstruments.com\/bibliotheque-de-ressources-de-transport\/"},"modified":"2026-03-25T16:13:33","modified_gmt":"2026-03-25T22:13:33","slug":"bibliotheque-de-ressources-de-transport","status":"publish","type":"page","link":"https:\/\/www.garnetinstruments.com\/fr-ca\/bibliotheque-de-ressources-de-transport\/","title":{"rendered":"Biblioth\u00e8que de ressources de transport"},"content":{"rendered":"\t\t<div data-elementor-type=\"wp-page\" data-elementor-id=\"42926\" class=\"elementor elementor-42926 elementor-546\" data-elementor-post-type=\"page\">\n\t\t\t\t\t\t<section class=\"elementor-section elementor-top-section elementor-element elementor-element-38ba9c5 elementor-section-height-min-height elementor-section-full_width elementor-section-height-default elementor-section-items-middle wpr-particle-no wpr-jarallax-no wpr-parallax-no wpr-sticky-section-no\" data-id=\"38ba9c5\" data-element_type=\"section\" data-e-type=\"section\" data-settings=\"{&quot;background_background&quot;:&quot;classic&quot;,&quot;shape_divider_bottom&quot;:&quot;waves&quot;,&quot;shape_divider_bottom_negative&quot;:&quot;yes&quot;}\">\n\t\t\t\t\t\t\t<div class=\"elementor-background-overlay\"><\/div>\n\t\t\t\t\t\t<div class=\"elementor-shape elementor-shape-bottom\" aria-hidden=\"true\" data-negative=\"true\">\n\t\t\t<svg xmlns=\"http:\/\/www.w3.org\/2000\/svg\" viewBox=\"0 0 1000 100\" preserveAspectRatio=\"none\">\n\t<path class=\"elementor-shape-fill\" d=\"M790.5,93.1c-59.3-5.3-116.8-18-192.6-50c-29.6-12.7-76.9-31-100.5-35.9c-23.6-4.9-52.6-7.8-75.5-5.3\n\tc-10.2,1.1-22.6,1.4-50.1,7.4c-27.2,6.3-58.2,16.6-79.4,24.7c-41.3,15.9-94.9,21.9-134,22.6C72,58.2,0,25.8,0,25.8V100h1000V65.3\n\tc0,0-51.5,19.4-106.2,25.7C839.5,97,814.1,95.2,790.5,93.1z\"\/>\n<\/svg>\t\t<\/div>\n\t\t\t\t\t<div class=\"elementor-container elementor-column-gap-wider\">\n\t\t\t\t\t<div class=\"elementor-column elementor-col-33 elementor-top-column elementor-element elementor-element-b645204\" data-id=\"b645204\" data-element_type=\"column\" data-e-type=\"column\">\n\t\t\t<div class=\"elementor-widget-wrap\">\n\t\t\t\t\t\t\t<\/div>\n\t\t<\/div>\n\t\t\t\t<div class=\"elementor-column elementor-col-33 elementor-top-column elementor-element elementor-element-1cac372\" data-id=\"1cac372\" data-element_type=\"column\" data-e-type=\"column\">\n\t\t\t<div class=\"elementor-widget-wrap elementor-element-populated\">\n\t\t\t\t\t\t<div class=\"elementor-element elementor-element-03febd5 elementor-widget elementor-widget-heading\" data-id=\"03febd5\" data-element_type=\"widget\" data-e-type=\"widget\" data-widget_type=\"heading.default\">\n\t\t\t\t<div class=\"elementor-widget-container\">\n\t\t\t\t\t<h2 class=\"elementor-heading-title elementor-size-default\">\u00c0 VENIR<\/h2>\t\t\t\t<\/div>\n\t\t\t\t<\/div>\n\t\t\t\t<div class=\"elementor-element elementor-element-a9296af elementor-widget elementor-widget-heading\" data-id=\"a9296af\" data-element_type=\"widget\" data-e-type=\"widget\" data-widget_type=\"heading.default\">\n\t\t\t\t<div class=\"elementor-widget-container\">\n\t\t\t\t\t<h2 class=\"elementor-heading-title elementor-size-default\">BIBLIOTH\u00c8QUE DE RESSOURCES<\/h2>\t\t\t\t<\/div>\n\t\t\t\t<\/div>\n\t\t\t\t<div class=\"elementor-element elementor-element-6d06990 elementor-widget elementor-widget-heading\" data-id=\"6d06990\" data-element_type=\"widget\" data-e-type=\"widget\" data-widget_type=\"heading.default\">\n\t\t\t\t<div class=\"elementor-widget-container\">\n\t\t\t\t\t<h2 class=\"elementor-heading-title elementor-size-default\">Produits de transport<\/h2>\t\t\t\t<\/div>\n\t\t\t\t<\/div>\n\t\t\t\t<div class=\"elementor-element elementor-element-8cbf39b elementor-widget elementor-widget-text-editor\" data-id=\"8cbf39b\" data-element_type=\"widget\" data-e-type=\"widget\" data-widget_type=\"text-editor.default\">\n\t\t\t\t<div class=\"elementor-widget-container\">\n\t\t\t\t\t\t\t\t\t<div><p style=\"text-align: center;\">Explorez notre biblioth\u00e8que de ressources, votre destination de r\u00e9f\u00e9rence pour toutes les ressources sur les produits de transport liquide, incluant des guides d\u00e9taill\u00e9s, des sp\u00e9cifications et des informations utiles pour assurer une performance optimale.<\/p><\/div>\t\t\t\t\t\t\t\t<\/div>\n\t\t\t\t<\/div>\n\t\t\t\t\t<\/div>\n\t\t<\/div>\n\t\t\t\t<div class=\"elementor-column elementor-col-33 elementor-top-column elementor-element elementor-element-4046a53\" data-id=\"4046a53\" data-element_type=\"column\" data-e-type=\"column\">\n\t\t\t<div class=\"elementor-widget-wrap\">\n\t\t\t\t\t\t\t<\/div>\n\t\t<\/div>\n\t\t\t\t\t<\/div>\n\t\t<\/section>\n\t\t\t\t<section class=\"elementor-section elementor-top-section elementor-element elementor-element-e4644ad elementor-section-boxed elementor-section-height-default elementor-section-height-default wpr-particle-no wpr-jarallax-no wpr-parallax-no wpr-sticky-section-no\" data-id=\"e4644ad\" data-element_type=\"section\" data-e-type=\"section\">\n\t\t\t\t\t\t<div class=\"elementor-container elementor-column-gap-default\">\n\t\t\t\t\t<div class=\"elementor-column elementor-col-100 elementor-top-column elementor-element elementor-element-9c5d01d\" data-id=\"9c5d01d\" data-element_type=\"column\" data-e-type=\"column\">\n\t\t\t<div class=\"elementor-widget-wrap elementor-element-populated\">\n\t\t\t\t\t\t<div class=\"elementor-element elementor-element-8212a9f elementor-widget elementor-widget-text-editor\" data-id=\"8212a9f\" data-element_type=\"widget\" data-e-type=\"widget\" data-widget_type=\"text-editor.default\">\n\t\t\t\t<div class=\"elementor-widget-container\">\n\t\t\t\t\t\t\t\t\t<p style=\"text-align: left;\">Pour trouver des manuels et d\u2019autres informations sur votre produit, entrez le num\u00e9ro de mod\u00e8le dans la barre de recherche \u00e0 droite. Vous pouvez aussi affiner vos r\u00e9sultats de recherche en utilisant le filtre \u00e0 gauche.<\/p>\t\t\t\t\t\t\t\t<\/div>\n\t\t\t\t<\/div>\n\t\t\t\t\t<\/div>\n\t\t<\/div>\n\t\t\t\t\t<\/div>\n\t\t<\/section>\n\t\t\t\t<section class=\"elementor-section elementor-top-section elementor-element elementor-element-338c032 elementor-section-boxed elementor-section-height-default elementor-section-height-default wpr-particle-no wpr-jarallax-no wpr-parallax-no wpr-sticky-section-no\" data-id=\"338c032\" data-element_type=\"section\" data-e-type=\"section\" data-settings=\"{&quot;background_background&quot;:&quot;classic&quot;}\">\n\t\t\t\t\t\t<div class=\"elementor-container elementor-column-gap-no\">\n\t\t\t\t\t<div class=\"elementor-column elementor-col-100 elementor-top-column elementor-element elementor-element-c6a4477\" data-id=\"c6a4477\" data-element_type=\"column\" data-e-type=\"column\">\n\t\t\t<div class=\"elementor-widget-wrap elementor-element-populated\">\n\t\t\t\t\t\t<div class=\"elementor-element elementor-element-fe17ac1 elementor-widget elementor-widget-shortcode\" data-id=\"fe17ac1\" data-element_type=\"widget\" data-e-type=\"widget\" data-widget_type=\"shortcode.default\">\n\t\t\t\t<div class=\"elementor-widget-container\">\n\t\t\t\t\t\t\t<div class=\"elementor-shortcode\"><table id=\"dlp_0780795f87703bb8_1\" class=\"posts-data-table\" width=\"100%\" data-config=\"{&quot;pageLength&quot;:40,&quot;pagingType&quot;:&quot;numbers&quot;,&quot;serverSide&quot;:false,&quot;autoWidth&quot;:true,&quot;clickFilter&quot;:&quot;&quot;,&quot;stickyHeader&quot;:false,&quot;scrollOffset&quot;:15,&quot;resetButton&quot;:true,&quot;numOrder&quot;:false,&quot;lengthMenu&quot;:[[10,25,40,50,100,-1],[10,25,40,50,100,&quot;All&quot;]],&quot;columnDefs&quot;:[{&quot;className&quot;:&quot;col-title&quot;,&quot;targets&quot;:0,&quot;type&quot;:&quot;html&quot;},{&quot;className&quot;:&quot;col-excerpt&quot;,&quot;targets&quot;:1,&quot;type&quot;:&quot;html&quot;},{&quot;className&quot;:&quot;col-doc_tags&quot;,&quot;targets&quot;:2,&quot;type&quot;:&quot;html&quot;},{&quot;className&quot;:&quot;col-link&quot;,&quot;targets&quot;:3,&quot;type&quot;:&quot;html&quot;}],&quot;responsive&quot;:{&quot;details&quot;:{&quot;display&quot;:&quot;child_row&quot;}},&quot;language&quot;:{&quot;info&quot;:&quot;_TOTAL_ documents&quot;,&quot;infoEmpty&quot;:&quot;0 documents&quot;,&quot;emptyTable&quot;:&quot;Pas de documents correspondants.&quot;,&quot;zeroRecords&quot;:&quot;Pas de documents correspondants.&quot;,&quot;totalsSingle&quot;:&quot;document&quot;,&quot;totalsPlural&quot;:&quot;documents&quot;},&quot;dom&quot;:&quot;&lt;\\&quot;posts-table-wrapper hello-elementor\\&quot;&lt;\\&quot;posts-table-above posts-table-controls\\&quot;f&gt;t&lt;\\&quot;posts-table-below posts-table-controls\\&quot;lip&gt;&gt;&quot;,&quot;multiDownloadButton&quot;:true,&quot;multiDownloadPosition&quot;:&quot;above&quot;,&quot;multiDownloadText&quot;:&quot;Select&quot;}\" data-filters=\"{&quot;doc_tags&quot;:{&quot;taxonomy&quot;:&quot;doc_tags&quot;,&quot;heading&quot;:&quot;Tag&quot;,&quot;terms&quot;:[{&quot;name&quot;:&quot;Fiche technique&quot;,&quot;slug&quot;:&quot;fiche-technique&quot;},{&quot;name&quot;:&quot;Lien de l&#039;application&quot;,&quot;slug&quot;:&quot;lien-de-lapplication&quot;},{&quot;name&quot;:&quot;Logiciels&quot;,&quot;slug&quot;:&quot;logiciels&quot;},{&quot;name&quot;:&quot;Manuel&quot;,&quot;slug&quot;:&quot;manuel&quot;},{&quot;name&quot;:&quot;Sch\\u00e9ma de c\\u00e2blage&quot;,&quot;slug&quot;:&quot;schema-de-cablage&quot;}],&quot;searchColumn&quot;:&quot;hf_doc_tags&quot;}}\" data-order='[[0, \"asc\"]]'><thead><tr><th class=\"all\" data-name=\"title\" data-orderable=\"true\" data-searchable=\"true\" data-priority=\"1\">Num\u00e9ro de mod\u00e8le du produit<\/th><th data-name=\"excerpt\" data-orderable=\"true\" data-searchable=\"true\" data-priority=\"4\">Description<\/th><th data-name=\"doc_tags\" data-orderable=\"true\" data-searchable=\"true\" data-priority=\"10\">Type de document<\/th><th data-name=\"link\" data-orderable=\"false\" data-searchable=\"false\" data-priority=\"10\">Liens de t\u00e9l\u00e9chargement<\/th><th data-name=\"hf_doc_tags\" data-tax=\"doc_tags\" data-searchable=\"true\" data-visible=\"false\">hf:doc_tags<\/th><\/tr><\/thead><tbody><tr id=\"post-row-44174\" class=\"post-row post-type-dlp_document dlp_document-44174 publish\"><td>808 SeeLeveL Flair<\/td><td><p>Logiciel de configuration &#8211; v0.0.E<\/p>\n<\/td><td><span data-slug=\"logiciels\">Logiciels<\/span><\/td><td><div class=\"dlp-table-document-link-wrap\"><a href=\"https:\/\/www.garnetinstruments.com\/wp-content\/uploads\/2026\/01\/G808BT3-3.zip\" class=\"dlp-download-link \" data-download-id=\"44174\" target=\"_blank\"  download=\"G808BT3-3.zip\" type=\"application\/zip\"><div class=\"dlp-icon archive dlp-file-icon\"><svg xmlns=\"http:\/\/www.w3.org\/2000\/svg\" viewBox=\"0 0 56 56\"><path d=\"M36.985 0H7.963C7.155 0 6.5.655 6.5 1.926V55c0 .345.655 1 1.463 1h40.074c.808 0 1.463-.655 1.463-1V12.978c0-.696-.093-.92-.257-1.085L37.607.257A.884.884 0 0036.985 0z\" fill=\"#e9e9e0\"\/><path fill=\"#d9d7ca\" d=\"M37.5.151V12h11.849z\"\/><path d=\"M48.037 56H7.963A1.463 1.463 0 016.5 54.537V39h43v15.537c0 .808-.655 1.463-1.463 1.463z\" fill=\"#556080\"\/><g fill=\"#fff\"><path d=\"M25.266 42.924v1.326l-4.799 7.205-.273.219h5.072V53h-6.699v-1.326l4.799-7.205.287-.219h-5.086v-1.326h6.699zM29.271 53h-1.668V42.924h1.668V53zM33.414 53h-1.641V42.924h2.898c.428 0 .852.068 1.271.205.419.137.795.342 1.128.615.333.273.602.604.807.991s.308.822.308 1.306c0 .511-.087.973-.26 1.388a2.9 2.9 0 01-.725 1.046c-.31.282-.684.501-1.121.656s-.921.232-1.449.232h-1.217V53zm0-8.832v3.992h1.504c.2 0 .398-.034.595-.103.196-.068.376-.18.54-.335s.296-.371.396-.649c.1-.278.15-.622.15-1.032 0-.164-.023-.354-.068-.567a1.637 1.637 0 00-.28-.615 1.657 1.657 0 00-.595-.492c-.255-.132-.593-.198-1.012-.198h-1.23z\"\/><\/g><g fill=\"#c8bdb8\"><path d=\"M28.5 24v-2h2v-2h-2v-2h2v-2h-2v-2h2v-2h-2v-2h2V8h-2V6h-2v2h-2v2h2v2h-2v2h2v2h-2v2h2v2h-2v2h2v2h-4v5c0 2.757 2.243 5 5 5s5-2.243 5-5v-5h-4zm2 5c0 1.654-1.346 3-3 3s-3-1.346-3-3v-3h6v3z\"\/><path d=\"M26.5 30h2a1 1 0 100-2h-2a1 1 0 100 2z\"\/><\/g><\/svg><\/div><\/a><input type=\"checkbox\" name=\"zip-urls\" data-download-url=\"https:\/\/www.garnetinstruments.com\/wp-content\/uploads\/2026\/01\/G808BT3-3.zip\" data-download-id=\"44174\" aria-label=\"Select 808 SeeLeveL Flair for download\" \/><\/div><\/td><td>logiciels<\/td><\/tr><tr id=\"post-row-44177\" class=\"post-row post-type-dlp_document dlp_document-44177 publish\"><td>812 SeeLeveL Octane<\/td><td><p>Logiciel de configuration &#8211; v0.0.E<\/p>\n<\/td><td><span data-slug=\"logiciels\">Logiciels<\/span><\/td><td><div class=\"dlp-table-document-link-wrap\"><a href=\"https:\/\/www.garnetinstruments.com\/wp-content\/uploads\/2026\/01\/G808BT3-3.zip\" class=\"dlp-download-link \" data-download-id=\"44177\" target=\"_blank\"  download=\"G808BT3-3.zip\" type=\"application\/zip\"><div class=\"dlp-icon archive dlp-file-icon\"><svg xmlns=\"http:\/\/www.w3.org\/2000\/svg\" viewBox=\"0 0 56 56\"><path d=\"M36.985 0H7.963C7.155 0 6.5.655 6.5 1.926V55c0 .345.655 1 1.463 1h40.074c.808 0 1.463-.655 1.463-1V12.978c0-.696-.093-.92-.257-1.085L37.607.257A.884.884 0 0036.985 0z\" fill=\"#e9e9e0\"\/><path fill=\"#d9d7ca\" d=\"M37.5.151V12h11.849z\"\/><path d=\"M48.037 56H7.963A1.463 1.463 0 016.5 54.537V39h43v15.537c0 .808-.655 1.463-1.463 1.463z\" fill=\"#556080\"\/><g fill=\"#fff\"><path d=\"M25.266 42.924v1.326l-4.799 7.205-.273.219h5.072V53h-6.699v-1.326l4.799-7.205.287-.219h-5.086v-1.326h6.699zM29.271 53h-1.668V42.924h1.668V53zM33.414 53h-1.641V42.924h2.898c.428 0 .852.068 1.271.205.419.137.795.342 1.128.615.333.273.602.604.807.991s.308.822.308 1.306c0 .511-.087.973-.26 1.388a2.9 2.9 0 01-.725 1.046c-.31.282-.684.501-1.121.656s-.921.232-1.449.232h-1.217V53zm0-8.832v3.992h1.504c.2 0 .398-.034.595-.103.196-.068.376-.18.54-.335s.296-.371.396-.649c.1-.278.15-.622.15-1.032 0-.164-.023-.354-.068-.567a1.637 1.637 0 00-.28-.615 1.657 1.657 0 00-.595-.492c-.255-.132-.593-.198-1.012-.198h-1.23z\"\/><\/g><g fill=\"#c8bdb8\"><path d=\"M28.5 24v-2h2v-2h-2v-2h2v-2h-2v-2h2v-2h-2v-2h2V8h-2V6h-2v2h-2v2h2v2h-2v2h2v2h-2v2h2v2h-2v2h2v2h-4v5c0 2.757 2.243 5 5 5s5-2.243 5-5v-5h-4zm2 5c0 1.654-1.346 3-3 3s-3-1.346-3-3v-3h6v3z\"\/><path d=\"M26.5 30h2a1 1 0 100-2h-2a1 1 0 100 2z\"\/><\/g><\/svg><\/div><\/a><input type=\"checkbox\" name=\"zip-urls\" data-download-url=\"https:\/\/www.garnetinstruments.com\/wp-content\/uploads\/2026\/01\/G808BT3-3.zip\" data-download-id=\"44177\" aria-label=\"Select 812 SeeLeveL Octane for download\" \/><\/div><\/td><td>logiciels<\/td><\/tr><tr id=\"post-row-44178\" class=\"post-row post-type-dlp_document dlp_document-44178 publish\"><td>817 Truck Gauge Programmer<\/td><td><p>Logiciel 817 Truck Gauge Programmer v3.2.2<\/p>\n<\/td><td><span data-slug=\"logiciels\">Logiciels<\/span><\/td><td><div class=\"dlp-table-document-link-wrap\"><a href=\"https:\/\/www.garnetinstruments.com\/wp-content\/uploads\/2022\/09\/817TruckGaugeProgrammer_v3_2_2-1.zip\" class=\"dlp-download-link \" data-download-id=\"44178\" target=\"_blank\"  download=\"817TruckGaugeProgrammer_v3_2_2-1.zip\" type=\"application\/zip\"><div class=\"dlp-icon archive dlp-file-icon\"><svg xmlns=\"http:\/\/www.w3.org\/2000\/svg\" viewBox=\"0 0 56 56\"><path d=\"M36.985 0H7.963C7.155 0 6.5.655 6.5 1.926V55c0 .345.655 1 1.463 1h40.074c.808 0 1.463-.655 1.463-1V12.978c0-.696-.093-.92-.257-1.085L37.607.257A.884.884 0 0036.985 0z\" fill=\"#e9e9e0\"\/><path fill=\"#d9d7ca\" d=\"M37.5.151V12h11.849z\"\/><path d=\"M48.037 56H7.963A1.463 1.463 0 016.5 54.537V39h43v15.537c0 .808-.655 1.463-1.463 1.463z\" fill=\"#556080\"\/><g fill=\"#fff\"><path d=\"M25.266 42.924v1.326l-4.799 7.205-.273.219h5.072V53h-6.699v-1.326l4.799-7.205.287-.219h-5.086v-1.326h6.699zM29.271 53h-1.668V42.924h1.668V53zM33.414 53h-1.641V42.924h2.898c.428 0 .852.068 1.271.205.419.137.795.342 1.128.615.333.273.602.604.807.991s.308.822.308 1.306c0 .511-.087.973-.26 1.388a2.9 2.9 0 01-.725 1.046c-.31.282-.684.501-1.121.656s-.921.232-1.449.232h-1.217V53zm0-8.832v3.992h1.504c.2 0 .398-.034.595-.103.196-.068.376-.18.54-.335s.296-.371.396-.649c.1-.278.15-.622.15-1.032 0-.164-.023-.354-.068-.567a1.637 1.637 0 00-.28-.615 1.657 1.657 0 00-.595-.492c-.255-.132-.593-.198-1.012-.198h-1.23z\"\/><\/g><g fill=\"#c8bdb8\"><path d=\"M28.5 24v-2h2v-2h-2v-2h2v-2h-2v-2h2v-2h-2v-2h2V8h-2V6h-2v2h-2v2h2v2h-2v2h2v2h-2v2h2v2h-2v2h2v2h-4v5c0 2.757 2.243 5 5 5s5-2.243 5-5v-5h-4zm2 5c0 1.654-1.346 3-3 3s-3-1.346-3-3v-3h6v3z\"\/><path d=\"M26.5 30h2a1 1 0 100-2h-2a1 1 0 100 2z\"\/><\/g><\/svg><\/div><\/a><input type=\"checkbox\" name=\"zip-urls\" data-download-url=\"https:\/\/www.garnetinstruments.com\/wp-content\/uploads\/2022\/09\/817TruckGaugeProgrammer_v3_2_2-1.zip\" data-download-id=\"44178\" aria-label=\"Select 817 Truck Gauge Programmer for download\" \/><\/div><\/td><td>logiciels<\/td><\/tr><\/tbody><\/table><\/div>\n\t\t\t\t\t\t<\/div>\n\t\t\t\t<\/div>\n\t\t\t\t\t<\/div>\n\t\t<\/div>\n\t\t\t\t\t<\/div>\n\t\t<\/section>\n\t\t\t\t<section class=\"elementor-section elementor-top-section elementor-element elementor-element-2440867 elementor-section-full_width elementor-section-stretched elementor-section-height-default elementor-section-height-default wpr-particle-no wpr-jarallax-no wpr-parallax-no wpr-sticky-section-no\" data-id=\"2440867\" data-element_type=\"section\" data-e-type=\"section\" data-settings=\"{&quot;stretch_section&quot;:&quot;section-stretched&quot;}\">\n\t\t\t\t\t\t<div class=\"elementor-container elementor-column-gap-no\">\n\t\t\t\t\t<div class=\"elementor-column elementor-col-100 elementor-top-column elementor-element elementor-element-25ac399\" data-id=\"25ac399\" data-element_type=\"column\" data-e-type=\"column\">\n\t\t\t<div class=\"elementor-widget-wrap elementor-element-populated\">\n\t\t\t\t\t\t<div class=\"elementor-element elementor-element-631e60c elementor-widget__width-inherit elementor-widget elementor-widget-image\" data-id=\"631e60c\" data-element_type=\"widget\" data-e-type=\"widget\" data-widget_type=\"image.default\">\n\t\t\t\t<div class=\"elementor-widget-container\">\n\t\t\t\t\t\t\t\t\t\t\t\t\t\t\t<img decoding=\"async\" src=\"https:\/\/www.garnetinstruments.com\/wp-content\/uploads\/elementor\/thumbs\/bottom-black-wave-ri571bncvu4s3znk0x4hyxfhm6rnzqz92w0i5acm9g.png\" title=\"Onde noire inf\u00e9rieure\" alt=\"Onde noire inf\u00e9rieure\" loading=\"lazy\" \/>\t\t\t\t\t\t\t\t\t\t\t\t\t\t\t<\/div>\n\t\t\t\t<\/div>\n\t\t\t\t\t<\/div>\n\t\t<\/div>\n\t\t\t\t\t<\/div>\n\t\t<\/section>\n\t\t\t\t<\/div>\n\t\t\n    <div class=\"xs_social_share_widget xs_share_url after_content \t\tmain_content  wslu-style-1 wslu-share-box-shaped wslu-fill-colored wslu-none wslu-share-horizontal wslu-theme-font-no wslu-main_content\">\n\n\t\t\n        <ul>\n\t\t\t        <\/ul>\n    <\/div> \n","protected":false},"excerpt":{"rendered":"<p>\u00c0 VENIR BIBLIOTH\u00c8QUE DE RESSOURCES Produits de transport Explorez notre biblioth\u00e8que de ressources, votre destination de r\u00e9f\u00e9rence pour toutes les ressources sur les produits de transport liquide, incluant des guides d\u00e9taill\u00e9s, des sp\u00e9cifications et des informations utiles pour assurer une performance optimale. Pour trouver des manuels et d\u2019autres informations sur votre produit, entrez le num\u00e9ro de mod\u00e8le dans la barre de recherche \u00e0 droite. Vous pouvez aussi affiner vos r\u00e9sultats de recherche en utilisant le filtre \u00e0 gauche.<\/p>\n","protected":false},"author":6,"featured_media":0,"parent":0,"menu_order":0,"comment_status":"closed","ping_status":"closed","template":"","meta":{"postBodyCss":"","postBodyMargin":[],"postBodyPadding":[],"postBodyBackground":{"backgroundType":"classic","gradient":""},"footnotes":"","_wp_rev_ctl_limit":""},"class_list":["post-42926","page","type-page","status-publish","hentry"],"_links":{"self":[{"href":"https:\/\/www.garnetinstruments.com\/fr-ca\/wp-json\/wp\/v2\/pages\/42926","targetHints":{"allow":["GET"]}}],"collection":[{"href":"https:\/\/www.garnetinstruments.com\/fr-ca\/wp-json\/wp\/v2\/pages"}],"about":[{"href":"https:\/\/www.garnetinstruments.com\/fr-ca\/wp-json\/wp\/v2\/types\/page"}],"author":[{"embeddable":true,"href":"https:\/\/www.garnetinstruments.com\/fr-ca\/wp-json\/wp\/v2\/users\/6"}],"replies":[{"embeddable":true,"href":"https:\/\/www.garnetinstruments.com\/fr-ca\/wp-json\/wp\/v2\/comments?post=42926"}],"version-history":[{"count":15,"href":"https:\/\/www.garnetinstruments.com\/fr-ca\/wp-json\/wp\/v2\/pages\/42926\/revisions"}],"predecessor-version":[{"id":44148,"href":"https:\/\/www.garnetinstruments.com\/fr-ca\/wp-json\/wp\/v2\/pages\/42926\/revisions\/44148"}],"wp:attachment":[{"href":"https:\/\/www.garnetinstruments.com\/fr-ca\/wp-json\/wp\/v2\/media?parent=42926"}],"curies":[{"name":"wp","href":"https:\/\/api.w.org\/{rel}","templated":true}]}}