{"id":42929,"date":"2021-08-04T14:36:19","date_gmt":"2021-08-04T20:36:19","guid":{"rendered":"https:\/\/www.garnetinstruments.com\/concessionnaires-et-distributeurs\/"},"modified":"2026-02-25T14:13:07","modified_gmt":"2026-02-25T21:13:07","slug":"concessionnaires-et-distributeurs","status":"publish","type":"page","link":"https:\/\/www.garnetinstruments.com\/fr-ca\/concessionnaires-et-distributeurs\/","title":{"rendered":"Concessionnaires et distributeurs"},"content":{"rendered":"\t\t<div data-elementor-type=\"wp-page\" data-elementor-id=\"42929\" class=\"elementor elementor-42929 elementor-550\" data-elementor-post-type=\"page\">\n\t\t\t\t\t\t<section class=\"elementor-section elementor-top-section elementor-element elementor-element-53e43f0 elementor-section-height-min-height elementor-section-full_width elementor-section-height-default elementor-section-items-middle wpr-particle-no wpr-jarallax-no wpr-parallax-no wpr-sticky-section-no\" data-id=\"53e43f0\" data-element_type=\"section\" data-e-type=\"section\" data-settings=\"{&quot;background_background&quot;:&quot;classic&quot;,&quot;shape_divider_bottom&quot;:&quot;waves&quot;,&quot;shape_divider_bottom_negative&quot;:&quot;yes&quot;}\">\n\t\t\t\t\t\t\t<div class=\"elementor-background-overlay\"><\/div>\n\t\t\t\t\t\t<div class=\"elementor-shape elementor-shape-bottom\" aria-hidden=\"true\" data-negative=\"true\">\n\t\t\t<svg xmlns=\"http:\/\/www.w3.org\/2000\/svg\" viewBox=\"0 0 1000 100\" preserveAspectRatio=\"none\">\n\t<path class=\"elementor-shape-fill\" d=\"M790.5,93.1c-59.3-5.3-116.8-18-192.6-50c-29.6-12.7-76.9-31-100.5-35.9c-23.6-4.9-52.6-7.8-75.5-5.3\n\tc-10.2,1.1-22.6,1.4-50.1,7.4c-27.2,6.3-58.2,16.6-79.4,24.7c-41.3,15.9-94.9,21.9-134,22.6C72,58.2,0,25.8,0,25.8V100h1000V65.3\n\tc0,0-51.5,19.4-106.2,25.7C839.5,97,814.1,95.2,790.5,93.1z\"\/>\n<\/svg>\t\t<\/div>\n\t\t\t\t\t<div class=\"elementor-container elementor-column-gap-wider\">\n\t\t\t\t\t<div class=\"elementor-column elementor-col-33 elementor-top-column elementor-element elementor-element-9ed4f25\" data-id=\"9ed4f25\" data-element_type=\"column\" data-e-type=\"column\">\n\t\t\t<div class=\"elementor-widget-wrap\">\n\t\t\t\t\t\t\t<\/div>\n\t\t<\/div>\n\t\t\t\t<div class=\"elementor-column elementor-col-33 elementor-top-column elementor-element elementor-element-6fb5834\" data-id=\"6fb5834\" data-element_type=\"column\" data-e-type=\"column\">\n\t\t\t<div class=\"elementor-widget-wrap elementor-element-populated\">\n\t\t\t\t\t\t<div class=\"elementor-element elementor-element-3e19419 elementor-widget elementor-widget-heading\" data-id=\"3e19419\" data-element_type=\"widget\" data-e-type=\"widget\" data-widget_type=\"heading.default\">\n\t\t\t\t<div class=\"elementor-widget-container\">\n\t\t\t\t\t<h2 class=\"elementor-heading-title elementor-size-default\">CONCESSIONNAIRES &amp; DISTRIBUTEURS<\/h2>\t\t\t\t<\/div>\n\t\t\t\t<\/div>\n\t\t\t\t<div class=\"elementor-element elementor-element-4aeba23 elementor-widget elementor-widget-heading\" data-id=\"4aeba23\" data-element_type=\"widget\" data-e-type=\"widget\" data-widget_type=\"heading.default\">\n\t\t\t\t<div class=\"elementor-widget-container\">\n\t\t\t\t\t<h2 class=\"elementor-heading-title elementor-size-default\">Produits de transport de liquides<\/h2>\t\t\t\t<\/div>\n\t\t\t\t<\/div>\n\t\t\t\t<div class=\"elementor-element elementor-element-cfe0dd7 elementor-widget elementor-widget-text-editor\" data-id=\"cfe0dd7\" data-element_type=\"widget\" data-e-type=\"widget\" data-widget_type=\"text-editor.default\">\n\t\t\t\t<div class=\"elementor-widget-container\">\n\t\t\t\t\t\t\t\t\t<p style=\"text-align: center;\">Trouvez un concessionnaire Garnet pour nos produits de transport dans votre r\u00e9gion, \u00e0 travers les \u00c9tats-Unis et le Canada.  <\/p>\t\t\t\t\t\t\t\t<\/div>\n\t\t\t\t<\/div>\n\t\t\t\t<div class=\"elementor-element elementor-element-3000576 elementor-align-center elementor-mobile-align-center elementor-widget elementor-widget-button\" data-id=\"3000576\" data-element_type=\"widget\" data-e-type=\"widget\" data-widget_type=\"button.default\">\n\t\t\t\t<div class=\"elementor-widget-container\">\n\t\t\t\t\t\t\t\t\t<div class=\"elementor-button-wrapper\">\n\t\t\t\t\t<a class=\"elementor-button elementor-button-link elementor-size-sm\" href=\"tel:+118006177384\">\n\t\t\t\t\t\t<span class=\"elementor-button-content-wrapper\">\n\t\t\t\t\t\t\t\t\t<span class=\"elementor-button-text\">CONTACTEZ-NOUS : 1-800-617-7384<\/span>\n\t\t\t\t\t<\/span>\n\t\t\t\t\t<\/a>\n\t\t\t\t<\/div>\n\t\t\t\t\t\t\t\t<\/div>\n\t\t\t\t<\/div>\n\t\t\t\t\t<\/div>\n\t\t<\/div>\n\t\t\t\t<div class=\"elementor-column elementor-col-33 elementor-top-column elementor-element elementor-element-64c9e93\" data-id=\"64c9e93\" data-element_type=\"column\" data-e-type=\"column\">\n\t\t\t<div class=\"elementor-widget-wrap\">\n\t\t\t\t\t\t\t<\/div>\n\t\t<\/div>\n\t\t\t\t\t<\/div>\n\t\t<\/section>\n\t\t\t\t<section class=\"elementor-section elementor-top-section elementor-element elementor-element-c3c2e43 elementor-section-boxed elementor-section-height-default elementor-section-height-default wpr-particle-no wpr-jarallax-no wpr-parallax-no wpr-sticky-section-no\" data-id=\"c3c2e43\" data-element_type=\"section\" data-e-type=\"section\">\n\t\t\t\t\t\t<div class=\"elementor-container elementor-column-gap-default\">\n\t\t\t\t\t<div class=\"elementor-column elementor-col-100 elementor-top-column elementor-element elementor-element-1ab085b\" data-id=\"1ab085b\" data-element_type=\"column\" data-e-type=\"column\">\n\t\t\t<div class=\"elementor-widget-wrap elementor-element-populated\">\n\t\t\t\t\t\t<div class=\"elementor-element elementor-element-47d9ba0 elementor-widget elementor-widget-spacer\" data-id=\"47d9ba0\" data-element_type=\"widget\" data-e-type=\"widget\" data-widget_type=\"spacer.default\">\n\t\t\t\t<div class=\"elementor-widget-container\">\n\t\t\t\t\t\t\t<div class=\"elementor-spacer\">\n\t\t\t<div class=\"elementor-spacer-inner\"><\/div>\n\t\t<\/div>\n\t\t\t\t\t\t<\/div>\n\t\t\t\t<\/div>\n\t\t\t\t\t<\/div>\n\t\t<\/div>\n\t\t\t\t\t<\/div>\n\t\t<\/section>\n\t\t\t\t<section class=\"elementor-section elementor-top-section elementor-element elementor-element-053149f elementor-section-boxed elementor-section-height-default elementor-section-height-default wpr-particle-no wpr-jarallax-no wpr-parallax-no wpr-sticky-section-no\" data-id=\"053149f\" data-element_type=\"section\" data-e-type=\"section\">\n\t\t\t\t\t\t<div class=\"elementor-container elementor-column-gap-default\">\n\t\t\t\t\t<div class=\"elementor-column elementor-col-100 elementor-top-column elementor-element elementor-element-10f4c6a\" data-id=\"10f4c6a\" data-element_type=\"column\" data-e-type=\"column\">\n\t\t\t<div class=\"elementor-widget-wrap elementor-element-populated\">\n\t\t\t\t\t\t<div class=\"elementor-element elementor-element-f9dc89c elementor-widget elementor-widget-text-editor\" data-id=\"f9dc89c\" data-element_type=\"widget\" data-e-type=\"widget\" data-widget_type=\"text-editor.default\">\n\t\t\t\t<div class=\"elementor-widget-container\">\n\t\t\t\t\t\t\t\t\tPour filtrer par pays, s\u00e9lectionnez <b>CANADA <\/b>ou <strong>\u00c9TATS-UNIS<\/strong> dans le menu d\u00e9roulant \u00ab Filtrer par \u00bb. <br> Contactez-nous si vous avez besoin d\u2019aide ou si vous avez des questions concernant nos produits.\t\t\t\t\t\t\t\t<\/div>\n\t\t\t\t<\/div>\n\t\t\t\t\t<\/div>\n\t\t<\/div>\n\t\t\t\t\t<\/div>\n\t\t<\/section>\n\t\t\t\t<section class=\"elementor-section elementor-top-section elementor-element elementor-element-acd923f elementor-section-boxed elementor-section-height-default elementor-section-height-default wpr-particle-no wpr-jarallax-no wpr-parallax-no wpr-sticky-section-no\" data-id=\"acd923f\" data-element_type=\"section\" data-e-type=\"section\">\n\t\t\t\t\t\t<div class=\"elementor-container elementor-column-gap-default\">\n\t\t\t\t\t<div class=\"elementor-column elementor-col-100 elementor-top-column elementor-element elementor-element-d90a7d8\" data-id=\"d90a7d8\" data-element_type=\"column\" data-e-type=\"column\">\n\t\t\t<div class=\"elementor-widget-wrap elementor-element-populated\">\n\t\t\t\t\t\t<div class=\"elementor-element elementor-element-9554feb elementor-widget elementor-widget-shortcode\" data-id=\"9554feb\" data-element_type=\"widget\" data-e-type=\"widget\" data-widget_type=\"shortcode.default\">\n\t\t\t\t<div class=\"elementor-widget-container\">\n\t\t\t\t\t\t\t<div class=\"elementor-shortcode\"><link rel='stylesheet' id='asl-plugin-css' href='https:\/\/www.garnetinstruments.com\/wp-content\/plugins\/agile-store-locator\/public\/css\/asl.css?version=4.7.3' type='text\/css' media='all' \/>\n<style type=\"text\/css\">\n    #asl-storelocator.asl-p-cont .Status_filter .onoffswitch-inner::before {content: \"OPEN\" !important}\n  #asl-storelocator.asl-p-cont .Status_filter .onoffswitch-inner::after {content: \"ALL\" !important}\n  #asl-storelocator.container.storelocator-main.asl-p-cont .asl-loc-sec .asl-panel {order: 0;}\n<\/style>\n<div id=\"asl-storelocator\" class=\"container storelocator-main asl-p-cont asl-template-0 asl-layout-0 asl-bg-1 full-width  asl-text-1\">\n        \n  <div class=\"row Filter_section\">\n      <div class=\"col-xs-12 col-sm-4 search_filter\">\n          <p>Search Location<\/p>\n          <div class=\"sl-search-group\">\n            <input type=\"text\" value=\"\" data-submit=\"disable\"  tabindex=\"2\" id=\"auto-complete-search\" placeholder=\"Enter a Location\"  class=\"asl-search-address form-control isp_ignore\">\n            <span class=\"span-geo\"><i class=\"asl-geo icon-direction-outline\" title=\"Current Location\"><\/i><\/span>\n          <\/div>\n      <\/div>\n      <div class=\"col-xs-12 col-sm-8\">\n        <div class=\"\">\n          <div class=\"row\">\n                        <div class=\"col-sm-12 asl-advance-filters hide\">\n                <div class=\"row\">\n                  <div class=\"col-xs-4 sl-category-filter drop_box_filter\">\n                      <div class=\"asl-filter-cntrl\">\n                        <label class=\"asl-cntrl-lbl\">Filter by<\/label>\n                        <div class=\"categories_filter\" id=\"categories_filter\">\n                        <\/div>\n                      <\/div>\n                  <\/div>\n                                    <div class=\"col-xs-4 range_filter hide\">\n                      <div class=\"rangeFilter asl-filter-cntrl\">\n                        <label class=\"asl-cntrl-lbl\">Distance Range<\/label>\n                        <input id=\"asl-radius-slide\" type=\"text\" class=\"span2\" \/>\n                        <span class=\"rad-unit\">Radius: <span id=\"asl-radius-input\"><\/span> <span id=\"asl-dist-unit\">KM<\/span><\/span>\n                      <\/div>\n                  <\/div>\n                  <div class=\"col-xs-4 col-md-2 Status_filter\">\n                      <div class=\"asl-filter-cntrl\">\n                        <label class=\"asl-cntrl-lbl\">Status<\/label>\n                        <div class=\"onoffswitch\">\n                          <input type=\"checkbox\" name=\"onoffswitch\" class=\"onoffswitch-checkbox\" id=\"asl-open-close\" checked>\n                          <label class=\"onoffswitch-label\" for=\"asl-open-close\">\n                              <span class=\"onoffswitch-inner\"><\/span>\n                              <span class=\"onoffswitch-switch\"><\/span>\n                          <\/label>\n                        <\/div>\n                      <\/div>\n                  <\/div>\n                <\/div>\n            <\/div>\n          <\/div>\n        <\/div>\n      <\/div>\n  <\/div>\n    <div class=\"row asl-loc-sec\">\n    <div class=\"col-sm-8 col-xs-12 asl-map\">\n      <div class=\"store-locator\">\n        <div id=\"asl-map-canv\"><\/div>\n        <!-- agile-modal -->\n        <div id=\"agile-modal-direction\" class=\"agile-modal fade\">\n          <div class=\"agile-modal-backdrop-in\"><\/div>\n          <div class=\"agile-modal-dialog in\">\n            <div class=\"agile-modal-content\">\n              <div class=\"agile-modal-header\">\n                <button type=\"button\" class=\"close-directions close\" data-dismiss=\"agile-modal\" aria-label=\"Close\"><span aria-hidden=\"true\">&times;<\/span><\/button>\n                <h4>Get Your Directions<\/h4>\n              <\/div>\n              <div class=\"form-group\">\n                <label for=\"frm-lbl\">From:<\/label>\n                <input type=\"text\" class=\"form-control frm-place\" id=\"frm-lbl\" placeholder=\"Enter a Location\">\n              <\/div>\n              <div class=\"form-group\">\n                <label for=\"frm-lbl\">To:<\/label>\n                <input readonly=\"true\" type=\"text\"  class=\"directions-to form-control\" id=\"to-lbl\" placeholder=\"Prepopulated Destination Address\">\n              <\/div>\n              <div class=\"form-group\">\n                <span for=\"frm-lbl\">Show Distance In<\/span>\n                <label class=\"checkbox-inline\">\n                  <input type=\"radio\" name=\"dist-type\"  id=\"rbtn-km\" value=\"0\"> KM                <\/label>\n                <label class=\"checkbox-inline\">\n                  <input type=\"radio\" name=\"dist-type\" checked id=\"rbtn-mile\" value=\"1\"> Mile                <\/label>\n              <\/div>\n              <div class=\"form-group\">\n                <button type=\"submit\" class=\"btn btn-default btn-submit\">GET DIRECTIONS<\/button>\n              <\/div>\n            <\/div>\n          <\/div>\n        <\/div>\n        <div id=\"asl-geolocation-agile-modal\" class=\"agile-modal fade\">\n          <div class=\"agile-modal-backdrop-in\"><\/div>\n          <div class=\"agile-modal-dialog in\">\n            <div class=\"agile-modal-content\">\n              <button type=\"button\" class=\"close-directions close\" data-dismiss=\"agile-modal\" aria-label=\"Close\"><span aria-hidden=\"true\">&times;<\/span><\/button>\n                            <div class=\"form-group\">\n                <h4>Use my location to find the closest Service Provider near me<\/h4>\n              <\/div>\n              <div class=\"form-group text-center\">\n                <button type=\"button\" id=\"asl-btn-geolocation\" class=\"btn btn-block btn-default\">USE LOCATION<\/button>\n              <\/div>\n                          <\/div>\n          <\/div>\n        <\/div>\n        <div id=\"asl-desc-agile-modal\" class=\"agile-modal fade\">\n          <div class=\"agile-modal-backdrop-in\"><\/div>\n          <div class=\"agile-modal-dialog in\">\n            <div class=\"agile-modal-content\">\n              <button type=\"button\" class=\"close-directions close\" data-dismiss=\"agile-modal\" aria-label=\"Close\"><span aria-hidden=\"true\">&times;<\/span><\/button>\n              <div class=\"row\">\n                <div class=\"col-md-12\">\n                  <h4 class=\"sl-title\"><\/h4>\n                  <p class=\"sl-desc\"><\/p>\n                <\/div>\n              <\/div>\n            <\/div>\n          <\/div>\n        <\/div>\n        <!-- agile-modal end -->\n      <\/div>\n    <\/div>\n    <div class=\"col-sm-4 col-xs-12 asl-panel\">\n            <div class=\"Num_of_store\">\n        <span>Dealers\/Distributors: <span class=\"count-result\">0<\/span><\/span>\n          <a class=\"asl-print-btn\"><span>PRINT<\/span><span class=\"asl-print\"><\/span><\/a>\n      <\/div> \n            <!--  Panel Listing -->\n      <div id=\"asl-list\" class=\"storelocator-panel\">\n        \n        <div class=\"asl-overlay\" id=\"map-loading\">\n          <div class=\"white\"><\/div>\n          <div class=\"loading\"><img decoding=\"async\" style=\"margin-right: 10px;\" class=\"loader\" src=\"https:\/\/www.garnetinstruments.com\/wp-content\/plugins\/agile-store-locator\/public\/Logo\/loading.gif\">Loading...<\/div>\n        <\/div>\n        <div class=\"panel-cont\">\n            <div class=\"panel-inner\">\n              <div class=\"col-md-12 asl-p-0\">\n                  <ul id=\"p-statelist\"  role=\"tablist\" aria-multiselectable=\"true\">\n                  <\/ul>\n              <\/div>\n            <\/div>\n        <\/div>\n        <div class=\"directions-cont hide\">\n          <div class=\"agile-modal-header\">\n            <button type=\"button\" class=\"close\"><span aria-hidden=\"true\">&times;<\/span><\/button>\n            <h4>Directions<\/h4>\n          <\/div>\n          <div class=\"rendered-directions\" id=\"asl-rendered-dir\"><\/div>\n        <\/div>\n      <\/div>\n    <\/div> \n  <\/div>\n<\/div>\n<!-- This plugin is developed by \"Agile Store Locator by WordPress\" https:\/\/agilestorelocator.com -->\n<script id=\"tmpl_list_item\" type=\"text\/x-jsrender\">\n  <div class=\"sl-item\" data-id=\"{{:id}}\">\n    <div class=\"addr-sec\"><p class=\"p-title\">{{:title}}<\/p><\/div>\n    <div class=\"row\">\n      <div class=\"{{if path}}col-md-9 col-xs-9{{else}}col-md-12{{\/if}} addr-sec\">\n        <p class=\"p-area\"><span class=\"glyphicon icon-location\"><\/span><span>{{:address}}<\/span><\/p>\n        {{if phone}}\n          <p class=\"p-area\"><span class=\"glyphicon icon-phone-outline\"><\/span><a href=\"tel:{{:phone}}\">{{:phone}}<\/a><\/p>\n        {{\/if}}\n        {{if email}}\n        <p class=\"p-area\"><span class=\"glyphicon icon-at\"><\/span><a href=\"mailto:{{:email}}\" style=\"text-transform: lowercase\">{{:email}}<\/a><\/p>\n        {{\/if}}\n        {{if fax}}\n          <p class=\"p-area\"><span class=\"glyphicon icon-fax\"><\/span> Fax:{{:fax}}<\/p>\n        {{\/if}}\n        {{if c_names}}\n        <p class=\"p-area\"><span class=\"glyphicon icon-tag\"><\/span> {{:c_names}}<\/p>\n        {{\/if}}\n        {{if open_hours}}\n        <p class=\"p-area\"><span class=\"glyphicon icon-clock-1\"><\/span> {{:open_hours}}<\/p>\n        {{\/if}}\n      <\/div>\n      {{if path}}\n      <div class=\"col-md-3 col-xs-3 sm-pl-0\">\n        <div class=\"thumb-a\">\n            <img decoding=\"async\" src=\"https:\/\/www.garnetinstruments.com\/wp-content\/uploads\/agile-store-locator\/Logo\/{{:path}}\" alt=\"logo\">\n        <\/div>\n      <\/div>\n      {{\/if}}\n    <\/div>\n    {{if description}}\n    <div class=\"row sl-desc\">\n      {{if desc_link}}\n      <div class=\"col-md-12\"><a class=\"sl-link\">View Description<\/a><\/div>\n      {{else}}\n      <div class=\"col-md-12\"><p>{{:description}}<\/p><\/div>\n      {{\/if}}\n    <\/div>\n    {{\/if}}\n    <div class=\"row-flex mt-10\">\n        <div class=\"col-flex sl-direction\">\n          <button type=\"button\" class=\"btn btn-asl s-direction\">Directions<\/button>\n        <\/div>\n        {{if link}}\n        <div class=\"col-flex\">\n          <a class=\"btn btn-asl\"  href=\"{{:link}}\">Website<\/a>\n        <\/div>\n        {{\/if}}\n        {{if dist_str}}\n        <div class=\"col-flex\">\n          <span class=\"s-distance\">{{:dist_str}}<\/span>\n        <\/div>\n        {{\/if}}\n    <\/div>\n  <\/div>\n<\/script>\n<script id=\"asl_too_tip\" type=\"text\/x-jsrender\">\n{{if path}}\n<div class=\"image_map_popup\" style=\"display:none\"><img decoding=\"async\" src=\"{{:URL}}Logo\/{{:path}}\" \/><\/div>\n{{\/if}}\n  <h3>{{:title}}<\/h3>\n  <div class=\"infowindowContent\">\n    <div class=\"info-box-cont\">\n      <div class=\"row\">\n        <div class=\"col-md-12\">\n          <div class=\"{{if path}}info-addr{{else}}info-addr w-100-p{{\/if}}\">\n            <div class=\"address\"><span class=\"glyphicon icon-location\"><\/span><span>{{:address}}<\/span><\/div>\n            {{if phone}}\n            <div class=\"phone\"><span class=\"glyphicon icon-phone-outline\"><\/span><a href=\"tel:{{:phone}}\">{{:phone}}<\/a><\/div>\n            {{\/if}}\n            {{if email}}\n            <div class=\"p-time\"><span class=\"glyphicon icon-at\"><\/span><a href=\"mailto:{{:email}}\" style=\"text-transform: lowercase\">{{:email}}<\/a><\/div>\n            {{\/if}}\n          <\/div>\n          {{if path}}\n          <div class=\"img_box\" style=\"display:none\">\n            <img decoding=\"async\" src=\"{{:URL}}Logo\/{{:path}}\" alt=\"logo\">\n          <\/div>\n          {{\/if}}\n        <\/div>\n      <\/div>\n      <div class=\"row\">\n        <div class=\"col-md-12 asl-tt-details\">\n          {{if dist_str}}\n          <div class=\"distance\">Distance: {{:dist_str}}<\/div>\n          {{\/if}}\n        <\/div>\n      <\/div>\n    <\/div>\n  <div class=\"asl-buttons\"><\/div>\n<\/div><div class=\"arrow-down\"><\/div>\n<\/script>\n<\/div>\n\t\t\t\t\t\t<\/div>\n\t\t\t\t<\/div>\n\t\t\t\t\t<\/div>\n\t\t<\/div>\n\t\t\t\t\t<\/div>\n\t\t<\/section>\n\t\t\t\t<section class=\"elementor-section elementor-top-section elementor-element elementor-element-c95b6a1 elementor-section-full_width elementor-section-stretched elementor-section-height-default elementor-section-height-default wpr-particle-no wpr-jarallax-no wpr-parallax-no wpr-sticky-section-no\" data-id=\"c95b6a1\" data-element_type=\"section\" data-e-type=\"section\" data-settings=\"{&quot;stretch_section&quot;:&quot;section-stretched&quot;}\">\n\t\t\t\t\t\t<div class=\"elementor-container elementor-column-gap-no\">\n\t\t\t\t\t<div class=\"elementor-column elementor-col-100 elementor-top-column elementor-element elementor-element-a0de3c1\" data-id=\"a0de3c1\" data-element_type=\"column\" data-e-type=\"column\">\n\t\t\t<div class=\"elementor-widget-wrap elementor-element-populated\">\n\t\t\t\t\t\t<div class=\"elementor-element elementor-element-aa47b38 elementor-widget__width-inherit elementor-widget elementor-widget-image\" data-id=\"aa47b38\" data-element_type=\"widget\" data-e-type=\"widget\" data-widget_type=\"image.default\">\n\t\t\t\t<div class=\"elementor-widget-container\">\n\t\t\t\t\t\t\t\t\t\t\t\t\t\t\t<img decoding=\"async\" src=\"https:\/\/www.garnetinstruments.com\/wp-content\/uploads\/elementor\/thumbs\/bottom-black-wave-ri571bncvu4s3znk0x4hyxfhm6rnzqz92w0i5acm9g.png\" title=\"Onde noire inf\u00e9rieure\" alt=\"Onde noire inf\u00e9rieure\" loading=\"lazy\" \/>\t\t\t\t\t\t\t\t\t\t\t\t\t\t\t<\/div>\n\t\t\t\t<\/div>\n\t\t\t\t\t<\/div>\n\t\t<\/div>\n\t\t\t\t\t<\/div>\n\t\t<\/section>\n\t\t\t\t<\/div>\n\t\t\n    <div class=\"xs_social_share_widget xs_share_url after_content \t\tmain_content  wslu-style-1 wslu-share-box-shaped wslu-fill-colored wslu-none wslu-share-horizontal wslu-theme-font-no wslu-main_content\">\n\n\t\t\n        <ul>\n\t\t\t        <\/ul>\n    <\/div> \n","protected":false},"excerpt":{"rendered":"<p>CONCESSIONNAIRES &amp; DISTRIBUTEURS Produits de transport de liquides Trouvez un concessionnaire Garnet pour nos produits de transport dans votre r\u00e9gion, \u00e0 travers les \u00c9tats-Unis et le Canada. CONTACTEZ-NOUS : 1-800-617-7384 Pour filtrer par pays, s\u00e9lectionnez CANADA ou \u00c9TATS-UNIS dans le menu d\u00e9roulant \u00ab Filtrer par \u00bb. Contactez-nous si vous avez besoin d\u2019aide ou si vous avez des questions concernant nos produits.<\/p>\n","protected":false},"author":6,"featured_media":0,"parent":0,"menu_order":0,"comment_status":"closed","ping_status":"closed","template":"","meta":{"postBodyCss":"","postBodyMargin":[],"postBodyPadding":[],"postBodyBackground":{"backgroundType":"classic","gradient":""},"footnotes":"","_wp_rev_ctl_limit":""},"class_list":["post-42929","page","type-page","status-publish","hentry"],"_links":{"self":[{"href":"https:\/\/www.garnetinstruments.com\/fr-ca\/wp-json\/wp\/v2\/pages\/42929","targetHints":{"allow":["GET"]}}],"collection":[{"href":"https:\/\/www.garnetinstruments.com\/fr-ca\/wp-json\/wp\/v2\/pages"}],"about":[{"href":"https:\/\/www.garnetinstruments.com\/fr-ca\/wp-json\/wp\/v2\/types\/page"}],"author":[{"embeddable":true,"href":"https:\/\/www.garnetinstruments.com\/fr-ca\/wp-json\/wp\/v2\/users\/6"}],"replies":[{"embeddable":true,"href":"https:\/\/www.garnetinstruments.com\/fr-ca\/wp-json\/wp\/v2\/comments?post=42929"}],"version-history":[{"count":7,"href":"https:\/\/www.garnetinstruments.com\/fr-ca\/wp-json\/wp\/v2\/pages\/42929\/revisions"}],"predecessor-version":[{"id":43705,"href":"https:\/\/www.garnetinstruments.com\/fr-ca\/wp-json\/wp\/v2\/pages\/42929\/revisions\/43705"}],"wp:attachment":[{"href":"https:\/\/www.garnetinstruments.com\/fr-ca\/wp-json\/wp\/v2\/media?parent=42929"}],"curies":[{"name":"wp","href":"https:\/\/api.w.org\/{rel}","templated":true}]}}