{"id":42954,"date":"2022-01-07T23:17:42","date_gmt":"2022-01-08T06:17:42","guid":{"rendered":"https:\/\/www.garnetinstruments.com\/informations-sur-la-garantie\/"},"modified":"2026-02-25T14:13:01","modified_gmt":"2026-02-25T21:13:01","slug":"informations-sur-la-garantie","status":"publish","type":"page","link":"https:\/\/www.garnetinstruments.com\/fr-ca\/informations-sur-la-garantie\/","title":{"rendered":"Informations sur la garantie"},"content":{"rendered":"\t\t<div data-elementor-type=\"wp-page\" data-elementor-id=\"42954\" class=\"elementor elementor-42954 elementor-24346\" data-elementor-post-type=\"page\">\n\t\t\t\t\t\t<section class=\"elementor-section elementor-top-section elementor-element elementor-element-a17706b elementor-section-height-min-height elementor-section-full_width elementor-section-height-default elementor-section-items-middle wpr-particle-no wpr-jarallax-no wpr-parallax-no wpr-sticky-section-no\" data-id=\"a17706b\" data-element_type=\"section\" data-e-type=\"section\" data-settings=\"{&quot;background_background&quot;:&quot;classic&quot;,&quot;shape_divider_bottom&quot;:&quot;waves&quot;,&quot;shape_divider_bottom_negative&quot;:&quot;yes&quot;}\">\n\t\t\t\t\t\t\t<div class=\"elementor-background-overlay\"><\/div>\n\t\t\t\t\t\t<div class=\"elementor-shape elementor-shape-bottom\" aria-hidden=\"true\" data-negative=\"true\">\n\t\t\t<svg xmlns=\"http:\/\/www.w3.org\/2000\/svg\" viewBox=\"0 0 1000 100\" preserveAspectRatio=\"none\">\n\t<path class=\"elementor-shape-fill\" d=\"M790.5,93.1c-59.3-5.3-116.8-18-192.6-50c-29.6-12.7-76.9-31-100.5-35.9c-23.6-4.9-52.6-7.8-75.5-5.3\n\tc-10.2,1.1-22.6,1.4-50.1,7.4c-27.2,6.3-58.2,16.6-79.4,24.7c-41.3,15.9-94.9,21.9-134,22.6C72,58.2,0,25.8,0,25.8V100h1000V65.3\n\tc0,0-51.5,19.4-106.2,25.7C839.5,97,814.1,95.2,790.5,93.1z\"\/>\n<\/svg>\t\t<\/div>\n\t\t\t\t\t<div class=\"elementor-container elementor-column-gap-wider\">\n\t\t\t\t\t<div class=\"elementor-column elementor-col-33 elementor-top-column elementor-element elementor-element-de2df9a\" data-id=\"de2df9a\" data-element_type=\"column\" data-e-type=\"column\">\n\t\t\t<div class=\"elementor-widget-wrap\">\n\t\t\t\t\t\t\t<\/div>\n\t\t<\/div>\n\t\t\t\t<div class=\"elementor-column elementor-col-33 elementor-top-column elementor-element elementor-element-8fad4be\" data-id=\"8fad4be\" data-element_type=\"column\" data-e-type=\"column\">\n\t\t\t<div class=\"elementor-widget-wrap elementor-element-populated\">\n\t\t\t\t\t\t<div class=\"elementor-element elementor-element-57d1b20 elementor-widget elementor-widget-heading\" data-id=\"57d1b20\" data-element_type=\"widget\" data-e-type=\"widget\" data-widget_type=\"heading.default\">\n\t\t\t\t<div class=\"elementor-widget-container\">\n\t\t\t\t\t<h2 class=\"elementor-heading-title elementor-size-default\">INFORMATIONS SUR LA GARANTIE<\/h2>\t\t\t\t<\/div>\n\t\t\t\t<\/div>\n\t\t\t\t<div class=\"elementor-element elementor-element-20fc31f elementor-widget elementor-widget-heading\" data-id=\"20fc31f\" data-element_type=\"widget\" data-e-type=\"widget\" data-widget_type=\"heading.default\">\n\t\t\t\t<div class=\"elementor-widget-container\">\n\t\t\t\t\t<h2 class=\"elementor-heading-title elementor-size-default\">Produits de r\u00e9servoir de r\u00e9tention<\/h2>\t\t\t\t<\/div>\n\t\t\t\t<\/div>\n\t\t\t\t<div class=\"elementor-element elementor-element-2eef150 elementor-widget elementor-widget-text-editor\" data-id=\"2eef150\" data-element_type=\"widget\" data-e-type=\"widget\" data-widget_type=\"text-editor.default\">\n\t\t\t\t<div class=\"elementor-widget-container\">\n\t\t\t\t\t\t\t\t\t<p style=\"text-align: center;\">Notre objectif est de nous assurer que vous \u00eates enti\u00e8rement satisfait de votre achat. C\u2019est pourquoi nous concevons nos produits pour offrir des performances durables avec des standards de qualit\u00e9 \u00e9lev\u00e9s et pour soutenir nos produits. <\/p>\t\t\t\t\t\t\t\t<\/div>\n\t\t\t\t<\/div>\n\t\t\t\t\t<\/div>\n\t\t<\/div>\n\t\t\t\t<div class=\"elementor-column elementor-col-33 elementor-top-column elementor-element elementor-element-a9dd1d8\" data-id=\"a9dd1d8\" data-element_type=\"column\" data-e-type=\"column\">\n\t\t\t<div class=\"elementor-widget-wrap\">\n\t\t\t\t\t\t\t<\/div>\n\t\t<\/div>\n\t\t\t\t\t<\/div>\n\t\t<\/section>\n\t\t\t\t<section class=\"elementor-section elementor-top-section elementor-element elementor-element-c333613 elementor-section-boxed elementor-section-height-default elementor-section-height-default wpr-particle-no wpr-jarallax-no wpr-parallax-no wpr-sticky-section-no\" data-id=\"c333613\" data-element_type=\"section\" data-e-type=\"section\">\n\t\t\t\t\t\t<div class=\"elementor-container elementor-column-gap-default\">\n\t\t\t\t\t<div class=\"elementor-column elementor-col-100 elementor-top-column elementor-element elementor-element-839c35c\" data-id=\"839c35c\" data-element_type=\"column\" data-e-type=\"column\">\n\t\t\t<div class=\"elementor-widget-wrap elementor-element-populated\">\n\t\t\t\t\t\t<div class=\"elementor-element elementor-element-4d9a141 elementor-widget elementor-widget-text-editor\" data-id=\"4d9a141\" data-element_type=\"widget\" data-e-type=\"widget\" data-widget_type=\"text-editor.default\">\n\t\t\t\t<div class=\"elementor-widget-container\">\n\t\t\t\t\t\t\t\t\t<p>Garnet Instruments garantit que tous les produits fabriqu\u00e9s par Garnet sont exempts de d\u00e9fauts de mat\u00e9riau et de main-d\u2019\u0153uvre en usage normal. Les p\u00e9riodes de garantie varient selon le produit. Pour conna\u00eetre les d\u00e9tails de la garantie de votre produit, veuillez consulter le verso du manuel d\u2019utilisation. Vous pouvez trouver comment acc\u00e9der aux manuels \u00e0 partir de la Biblioth\u00e8que de ressources sur notre page <span style=\"color: #ff0000;\"><strong><a style=\"color: #ff0000;\" href=\"https:\/\/www.garnetinstruments.com\/fr-ca\/soutien\/\">de support<\/a><\/strong><\/span>.   <\/p><h3>Dois-je enregistrer mon produit Garnet pour obtenir une protection sous garantie?<\/h3><p>Nous n\u2019exigeons pas que nos produits soient enregistr\u00e9s. Pour la protection de la garantie, veuillez consulter les informations sur le traitement ci-dessous. <\/p><h3>Comment puis-je traiter une r\u00e9clamation de garantie?<\/h3><p>Si un produit doit \u00eatre retourn\u00e9 \u00e0 Garnet pour service ou \u00e9valuation, veuillez contacter Garnet par t\u00e9l\u00e9phone ou courriel et avoir le num\u00e9ro de mod\u00e8le, le num\u00e9ro de s\u00e9rie et la date d\u2019achat \u00e0 port\u00e9e de main. Pour plus d\u2019informations sur le retour d\u2019un produit, consultez la page <span style=\"color: #ff0000;\"><strong><a style=\"color: #ff0000;\" href=\"https:\/\/www.garnetinstruments.com\/fr-ca\/retours-clients\/\">des retours clients<\/a><\/strong><\/span> . <\/p>\t\t\t\t\t\t\t\t<\/div>\n\t\t\t\t<\/div>\n\t\t\t\t<div class=\"elementor-element elementor-element-165641b elementor-widget elementor-widget-heading\" data-id=\"165641b\" data-element_type=\"widget\" data-e-type=\"widget\" data-widget_type=\"heading.default\">\n\t\t\t\t<div class=\"elementor-widget-container\">\n\t\t\t\t\t<h3 class=\"elementor-heading-title elementor-size-default\">O\u00f9 puis-je trouver les informations de garantie pour mon produit Garnet?<\/h3>\t\t\t\t<\/div>\n\t\t\t\t<\/div>\n\t\t\t\t\t<\/div>\n\t\t<\/div>\n\t\t\t\t\t<\/div>\n\t\t<\/section>\n\t\t\t\t<section class=\"elementor-section elementor-top-section elementor-element elementor-element-0794c3a elementor-section-boxed elementor-section-height-default elementor-section-height-default wpr-particle-no wpr-jarallax-no wpr-parallax-no wpr-sticky-section-no\" data-id=\"0794c3a\" data-element_type=\"section\" data-e-type=\"section\">\n\t\t\t\t\t\t<div class=\"elementor-container elementor-column-gap-default\">\n\t\t\t\t\t<div class=\"elementor-column elementor-col-100 elementor-top-column elementor-element elementor-element-66cf29a\" data-id=\"66cf29a\" data-element_type=\"column\" data-e-type=\"column\">\n\t\t\t<div class=\"elementor-widget-wrap elementor-element-populated\">\n\t\t\t\t\t\t<div class=\"elementor-element elementor-element-b556429 elementor-widget elementor-widget-accordion\" data-id=\"b556429\" data-element_type=\"widget\" data-e-type=\"widget\" data-widget_type=\"accordion.default\">\n\t\t\t\t<div class=\"elementor-widget-container\">\n\t\t\t\t\t\t\t<div class=\"elementor-accordion\">\n\t\t\t\t\t\t\t<div class=\"elementor-accordion-item\">\n\t\t\t\t\t<div id=\"elementor-tab-title-1901\" class=\"elementor-tab-title\" data-tab=\"1\" role=\"button\" aria-controls=\"elementor-tab-content-1901\" aria-expanded=\"false\">\n\t\t\t\t\t\t\t\t\t\t\t\t\t<span class=\"elementor-accordion-icon elementor-accordion-icon-left\" aria-hidden=\"true\">\n\t\t\t\t\t\t\t\t\t\t\t\t\t\t\t<span class=\"elementor-accordion-icon-closed\"><i class=\"fas fa-caret-down\"><\/i><\/span>\n\t\t\t\t\t\t\t\t<span class=\"elementor-accordion-icon-opened\"><i class=\"fas fa-caret-square-up\"><\/i><\/span>\n\t\t\t\t\t\t\t\t\t\t\t\t\t\t<\/span>\n\t\t\t\t\t\t\t\t\t\t\t\t<a class=\"elementor-accordion-title\" tabindex=\"0\">PRODUITS DE TRANSPORT<\/a>\n\t\t\t\t\t<\/div>\n\t\t\t\t\t<div id=\"elementor-tab-content-1901\" class=\"elementor-tab-content elementor-clearfix\" data-tab=\"1\" role=\"region\" aria-labelledby=\"elementor-tab-title-1901\"><p>Les informations sur la garantie sont incluses \u00e0 la fin du manuel d\u2019utilisation de chaque produit. Pour obtenir la garantie de votre produit sp\u00e9cifique, veuillez consulter le <strong>verso du <\/strong><strong>manuel d\u2019utilisation<\/strong> de votre syst\u00e8me ou tous les manuels sont disponibles en t\u00e9l\u00e9chargement \u00e0 partir de notre <span style=\"color: #ff0000;\"><a href=\"https:\/\/www.garnetinstruments.com\/fr-ca\/bibliotheque-de-ressources-de-transport\/\"><span style=\"color: #ff0000;\"><strong>biblioth\u00e8que de ressources<\/strong><\/span><\/a><\/span>.<\/p>\n<\/div>\n\t\t\t\t<\/div>\n\t\t\t\t\t\t\t<div class=\"elementor-accordion-item\">\n\t\t\t\t\t<div id=\"elementor-tab-title-1902\" class=\"elementor-tab-title\" data-tab=\"2\" role=\"button\" aria-controls=\"elementor-tab-content-1902\" aria-expanded=\"false\">\n\t\t\t\t\t\t\t\t\t\t\t\t\t<span class=\"elementor-accordion-icon elementor-accordion-icon-left\" aria-hidden=\"true\">\n\t\t\t\t\t\t\t\t\t\t\t\t\t\t\t<span class=\"elementor-accordion-icon-closed\"><i class=\"fas fa-caret-down\"><\/i><\/span>\n\t\t\t\t\t\t\t\t<span class=\"elementor-accordion-icon-opened\"><i class=\"fas fa-caret-square-up\"><\/i><\/span>\n\t\t\t\t\t\t\t\t\t\t\t\t\t\t<\/span>\n\t\t\t\t\t\t\t\t\t\t\t\t<a class=\"elementor-accordion-title\" tabindex=\"0\">PRODUITS DE R\u00c9SERVOIR DE R\u00c9TENTION<\/a>\n\t\t\t\t\t<\/div>\n\t\t\t\t\t<div id=\"elementor-tab-content-1902\" class=\"elementor-tab-content elementor-clearfix\" data-tab=\"2\" role=\"region\" aria-labelledby=\"elementor-tab-title-1902\"><p>Cliquez sur le lien ci-dessous pour consulter les informations sur la garantie des produits \u00e0 r\u00e9servoir de r\u00e9tention.<\/p>\n<ul>\n<li><a href=\"https:\/\/www.garnetinstruments.com\/fr-ca\/garantie-ht\/\"><strong><span style=\"color: #ff0000;\">Voir la garantie du r\u00e9servoir de r\u00e9tention<\/span><\/strong><\/a><\/li>\n<\/ul>\n<\/div>\n\t\t\t\t<\/div>\n\t\t\t\t\t\t\t\t<\/div>\n\t\t\t\t\t\t<\/div>\n\t\t\t\t<\/div>\n\t\t\t\t\t<\/div>\n\t\t<\/div>\n\t\t\t\t\t<\/div>\n\t\t<\/section>\n\t\t\t\t<section class=\"elementor-section elementor-top-section elementor-element elementor-element-b7ec34d elementor-section-boxed elementor-section-height-default elementor-section-height-default wpr-particle-no wpr-jarallax-no wpr-parallax-no wpr-sticky-section-no\" data-id=\"b7ec34d\" data-element_type=\"section\" data-e-type=\"section\">\n\t\t\t\t\t\t<div class=\"elementor-container elementor-column-gap-default\">\n\t\t\t\t\t<div class=\"elementor-column elementor-col-100 elementor-top-column elementor-element elementor-element-1ba1e05\" data-id=\"1ba1e05\" data-element_type=\"column\" data-e-type=\"column\">\n\t\t\t<div class=\"elementor-widget-wrap elementor-element-populated\">\n\t\t\t\t\t\t<div class=\"elementor-element elementor-element-f285057 elementor-widget elementor-widget-spacer\" data-id=\"f285057\" data-element_type=\"widget\" data-e-type=\"widget\" data-widget_type=\"spacer.default\">\n\t\t\t\t<div class=\"elementor-widget-container\">\n\t\t\t\t\t\t\t<div class=\"elementor-spacer\">\n\t\t\t<div class=\"elementor-spacer-inner\"><\/div>\n\t\t<\/div>\n\t\t\t\t\t\t<\/div>\n\t\t\t\t<\/div>\n\t\t\t\t\t<\/div>\n\t\t<\/div>\n\t\t\t\t\t<\/div>\n\t\t<\/section>\n\t\t\t\t<section class=\"elementor-section elementor-top-section elementor-element elementor-element-b0c4f0b elementor-section-full_width elementor-section-stretched elementor-section-height-default elementor-section-height-default wpr-particle-no wpr-jarallax-no wpr-parallax-no wpr-sticky-section-no\" data-id=\"b0c4f0b\" data-element_type=\"section\" data-e-type=\"section\" data-settings=\"{&quot;stretch_section&quot;:&quot;section-stretched&quot;}\">\n\t\t\t\t\t\t<div class=\"elementor-container elementor-column-gap-no\">\n\t\t\t\t\t<div class=\"elementor-column elementor-col-100 elementor-top-column elementor-element elementor-element-2885a97\" data-id=\"2885a97\" data-element_type=\"column\" data-e-type=\"column\">\n\t\t\t<div class=\"elementor-widget-wrap elementor-element-populated\">\n\t\t\t\t\t\t<div class=\"elementor-element elementor-element-b3b78c5 elementor-widget__width-inherit elementor-widget elementor-widget-image\" data-id=\"b3b78c5\" data-element_type=\"widget\" data-e-type=\"widget\" data-widget_type=\"image.default\">\n\t\t\t\t<div class=\"elementor-widget-container\">\n\t\t\t\t\t\t\t\t\t\t\t\t\t\t\t<img decoding=\"async\" src=\"https:\/\/www.garnetinstruments.com\/wp-content\/uploads\/elementor\/thumbs\/bottom-black-wave-ri571bncvu4s3znk0x4hyxfhm6rnzqz92w0i5acm9g.png\" title=\"Onde noire inf\u00e9rieure\" alt=\"Onde noire inf\u00e9rieure\" loading=\"lazy\" \/>\t\t\t\t\t\t\t\t\t\t\t\t\t\t\t<\/div>\n\t\t\t\t<\/div>\n\t\t\t\t\t<\/div>\n\t\t<\/div>\n\t\t\t\t\t<\/div>\n\t\t<\/section>\n\t\t\t\t<\/div>\n\t\t\n    <div class=\"xs_social_share_widget xs_share_url after_content \t\tmain_content  wslu-style-1 wslu-share-box-shaped wslu-fill-colored wslu-none wslu-share-horizontal wslu-theme-font-no wslu-main_content\">\n\n\t\t\n        <ul>\n\t\t\t        <\/ul>\n    <\/div> \n","protected":false},"excerpt":{"rendered":"<p>INFORMATIONS SUR LA GARANTIE Produits de r\u00e9servoir de r\u00e9tention Notre objectif est de nous assurer que vous \u00eates enti\u00e8rement satisfait de votre achat. C\u2019est pourquoi nous concevons nos produits pour offrir des performances durables avec des standards de qualit\u00e9 \u00e9lev\u00e9s et pour soutenir nos produits. Garnet Instruments garantit que tous les produits fabriqu\u00e9s par Garnet sont exempts de d\u00e9fauts de mat\u00e9riau et de main-d\u2019\u0153uvre en usage normal. Les p\u00e9riodes de garantie varient selon le produit. Pour conna\u00eetre les d\u00e9tails de la garantie de votre produit, veuillez consulter le verso du manuel d\u2019utilisation. Vous pouvez trouver comment acc\u00e9der aux manuels \u00e0 partir de la Biblioth\u00e8que de ressources sur notre page de support. Dois-je enregistrer mon produit Garnet pour obtenir une protection sous garantie? Nous n\u2019exigeons pas que nos produits soient enregistr\u00e9s. Pour la protection de la garantie, veuillez consulter les informations sur le traitement ci-dessous. Comment puis-je traiter une r\u00e9clamation de garantie? Si un produit doit \u00eatre retourn\u00e9 \u00e0 Garnet pour service ou \u00e9valuation, veuillez contacter Garnet par t\u00e9l\u00e9phone ou courriel et avoir le num\u00e9ro de mod\u00e8le, le num\u00e9ro de s\u00e9rie et la date d\u2019achat \u00e0 port\u00e9e de main. Pour plus d\u2019informations sur le retour d\u2019un produit, consultez la page des retours clients . O\u00f9 puis-je trouver les informations de garantie pour mon produit Garnet? PRODUITS DE TRANSPORT Les informations sur la garantie sont incluses \u00e0 la fin du manuel d\u2019utilisation de chaque produit. Pour obtenir la garantie de votre produit sp\u00e9cifique, veuillez consulter le verso du manuel d\u2019utilisation de votre syst\u00e8me ou tous les manuels sont disponibles en t\u00e9l\u00e9chargement \u00e0 partir de notre biblioth\u00e8que de ressources. PRODUITS DE R\u00c9SERVOIR DE R\u00c9TENTION Cliquez sur le lien ci-dessous pour consulter les informations sur la garantie des produits \u00e0 r\u00e9servoir de r\u00e9tention. Voir la garantie du r\u00e9servoir de r\u00e9tention<\/p>\n","protected":false},"author":4,"featured_media":0,"parent":0,"menu_order":0,"comment_status":"closed","ping_status":"closed","template":"","meta":{"postBodyCss":"","postBodyMargin":[],"postBodyPadding":[],"postBodyBackground":{"backgroundType":"classic","gradient":""},"footnotes":"","_wp_rev_ctl_limit":""},"class_list":["post-42954","page","type-page","status-publish","hentry"],"_links":{"self":[{"href":"https:\/\/www.garnetinstruments.com\/fr-ca\/wp-json\/wp\/v2\/pages\/42954","targetHints":{"allow":["GET"]}}],"collection":[{"href":"https:\/\/www.garnetinstruments.com\/fr-ca\/wp-json\/wp\/v2\/pages"}],"about":[{"href":"https:\/\/www.garnetinstruments.com\/fr-ca\/wp-json\/wp\/v2\/types\/page"}],"author":[{"embeddable":true,"href":"https:\/\/www.garnetinstruments.com\/fr-ca\/wp-json\/wp\/v2\/users\/4"}],"replies":[{"embeddable":true,"href":"https:\/\/www.garnetinstruments.com\/fr-ca\/wp-json\/wp\/v2\/comments?post=42954"}],"version-history":[{"count":7,"href":"https:\/\/www.garnetinstruments.com\/fr-ca\/wp-json\/wp\/v2\/pages\/42954\/revisions"}],"predecessor-version":[{"id":43657,"href":"https:\/\/www.garnetinstruments.com\/fr-ca\/wp-json\/wp\/v2\/pages\/42954\/revisions\/43657"}],"wp:attachment":[{"href":"https:\/\/www.garnetinstruments.com\/fr-ca\/wp-json\/wp\/v2\/media?parent=42954"}],"curies":[{"name":"wp","href":"https:\/\/api.w.org\/{rel}","templated":true}]}}